{"id":97,"date":"2012-02-02T07:37:19","date_gmt":"2012-02-02T07:37:19","guid":{"rendered":"http:\/\/www.fv.ulpgc.es\/?page_id=97"},"modified":"2023-10-03T14:44:51","modified_gmt":"2023-10-03T14:44:51","slug":"formacion","status":"publish","type":"page","link":"https:\/\/www.vet.ulpgc.es\/en\/formacion\/","title":{"rendered":"Training"},"content":{"rendered":"<div data-elementor-type=\"wp-page\" data-elementor-id=\"97\" class=\"elementor elementor-97\" data-elementor-post-type=\"page\">\n\t\t\t\t\t\t<section class=\"elementor-section elementor-top-section elementor-element elementor-element-55c421aa elementor-section-boxed elementor-section-height-default elementor-section-height-default\" data-id=\"55c421aa\" data-element_type=\"section\" data-e-type=\"section\">\n\t\t\t\t\t\t<div class=\"elementor-container elementor-column-gap-default\">\n\t\t\t\t\t<div class=\"elementor-column elementor-col-100 elementor-top-column elementor-element elementor-element-1155bd32\" data-id=\"1155bd32\" data-element_type=\"column\" data-e-type=\"column\">\n\t\t\t<div class=\"elementor-widget-wrap elementor-element-populated\">\n\t\t\t\t\t\t<section class=\"elementor-section elementor-inner-section elementor-element elementor-element-01841bf elementor-section-boxed elementor-section-height-default elementor-section-height-default\" data-id=\"01841bf\" data-element_type=\"section\" data-e-type=\"section\">\n\t\t\t\t\t\t<div class=\"elementor-container elementor-column-gap-default\">\n\t\t\t\t\t<div class=\"elementor-column elementor-col-100 elementor-inner-column elementor-element elementor-element-e09b582\" data-id=\"e09b582\" data-element_type=\"column\" data-e-type=\"column\">\n\t\t\t<div class=\"elementor-widget-wrap elementor-element-populated\">\n\t\t\t\t\t\t<div class=\"elementor-element elementor-element-ac6e350 elementor-widget elementor-widget-text-editor\" data-id=\"ac6e350\" data-element_type=\"widget\" data-e-type=\"widget\" data-widget_type=\"text-editor.default\">\n\t\t\t\t<div class=\"elementor-widget-container\">\n\t\t\t\t\t\t\t\t\t<p>In this space you can find all the information on the Titles taught at the Faculty of Veterinary Medicine of the ULPGC.<br \/>If you want to find information about access to the titles of the Faculty and the rest of the ULPGC, see the link: <a title=\"ULPGC for you\" href=\"http:\/\/www.ulpgcparati.es\" target=\"_blank\" rel=\"noopener\">ULPGC for you<\/a>. Remember that access is a centralized procedure of the ULPGC that is not directly managed by the Faculty.<\/p>\t\t\t\t\t\t\t\t<\/div>\n\t\t\t\t<\/div>\n\t\t\t\t\t<\/div>\n\t\t<\/div>\n\t\t\t\t\t<\/div>\n\t\t<\/section>\n\t\t\t\t<section class=\"elementor-section elementor-inner-section elementor-element elementor-element-b2c061e elementor-section-boxed elementor-section-height-default elementor-section-height-default\" data-id=\"b2c061e\" data-element_type=\"section\" data-e-type=\"section\">\n\t\t\t\t\t\t<div class=\"elementor-container elementor-column-gap-default\">\n\t\t\t\t\t<div class=\"elementor-column elementor-col-50 elementor-inner-column elementor-element elementor-element-538e36f\" data-id=\"538e36f\" data-element_type=\"column\" data-e-type=\"column\">\n\t\t\t<div class=\"elementor-widget-wrap elementor-element-populated\">\n\t\t\t\t\t\t<div class=\"elementor-element elementor-element-fbe900e elementor-widget elementor-widget-text-editor\" data-id=\"fbe900e\" data-element_type=\"widget\" data-e-type=\"widget\" data-widget_type=\"text-editor.default\">\n\t\t\t\t<div class=\"elementor-widget-container\">\n\t\t\t\t\t\t\t\t\t<p><a title=\"Degree\" href=\"https:\/\/fv.ulpgc.es\/formacion\/grado-en-veterinaria\/\"><img fetchpriority=\"high\" decoding=\"async\" class=\"alignnone wp-image-145 size-medium aligncenter\" title=\"Degree\" src=\"https:\/\/fv.ulpgc.es\/wp-content\/uploads\/2012\/02\/formacion_grado.jpg\" alt=\"Grado\" width=\"293\" height=\"300\" srcset=\"https:\/\/www.vet.ulpgc.es\/wp-content\/uploads\/2012\/02\/formacion_grado.jpg 299w, https:\/\/www.vet.ulpgc.es\/wp-content\/uploads\/2012\/02\/formacion_grado-12x12.jpg 12w\" sizes=\"(max-width: 293px) 100vw, 293px\" \/><\/a><\/p><p style=\"text-align: center; font-size: 25px;\"><strong>Degree in Veterinary Medicine<\/strong><\/p><p style=\"text-align: center;\">Do you want to be a Veterinarian? for this you must have the title of Graduate \/ or in Veterinary Medicine. The ULPGC offers this title that enables you to practice the Veterinary profession.<\/p><p style=\"text-align: center;\"><a title=\"ULPGC for you\" href=\"http:\/\/www.ulpgcparati.es\/\" target=\"_blank\" rel=\"noopener\">Title Access Information\u00a0<\/a><\/p><p style=\"text-align: center;\">General Information of the Degree (Syllabus 2010)<\/p><p style=\"text-align: center;\"><a href=\"https:\/\/www2.ulpgc.es\/index.php?pagina=plan_estudio&amp;ver=pantalla&amp;numPantalla=03&amp;codTitulacion=4025&amp;codPlan=40&amp;tipotitulacion=G\">Curriculum <\/a>(Subjects and teaching projects)<\/p><p style=\"text-align: center;\">External Practices<\/p><p style=\"text-align: center;\">Final Degree Project<\/p><p style=\"text-align: center;\"><a title=\"Faculty and Tutorial Schedule\" href=\"https:\/\/www2.ulpgc.es\/index.php?pagina=plan_estudio&amp;ver=pantalla&amp;numPantalla=12&amp;codTitulacion=4025&amp;codPlan=40&amp;tipotitulacion=G\">Faculty<\/a><\/p>\t\t\t\t\t\t\t\t<\/div>\n\t\t\t\t<\/div>\n\t\t\t\t\t<\/div>\n\t\t<\/div>\n\t\t\t\t<div class=\"elementor-column elementor-col-50 elementor-inner-column elementor-element elementor-element-f253296\" data-id=\"f253296\" data-element_type=\"column\" data-e-type=\"column\">\n\t\t\t<div class=\"elementor-widget-wrap elementor-element-populated\">\n\t\t\t\t\t\t<div class=\"elementor-element elementor-element-c5d444e elementor-widget elementor-widget-text-editor\" data-id=\"c5d444e\" data-element_type=\"widget\" data-e-type=\"widget\" data-widget_type=\"text-editor.default\">\n\t\t\t\t<div class=\"elementor-widget-container\">\n\t\t\t\t\t\t\t\t\t<p><a title=\"Mobility\" href=\"https:\/\/fv.ulpgc.es\/formacion\/movilidad\/\" rel=\"Movilidad noopener\"><img decoding=\"async\" class=\"alignnone size-medium wp-image-146 aligncenter\" title=\"Mobility\" src=\"https:\/\/fv.ulpgc.es\/wp-content\/uploads\/2012\/02\/formacion_movilidad.jpg\" alt=\"Movilidad\" width=\"293\" height=\"300\" srcset=\"https:\/\/www.vet.ulpgc.es\/wp-content\/uploads\/2012\/02\/formacion_movilidad.jpg 299w, https:\/\/www.vet.ulpgc.es\/wp-content\/uploads\/2012\/02\/formacion_movilidad-12x12.jpg 12w\" sizes=\"(max-width: 293px) 100vw, 293px\" \/><\/a><\/p><p style=\"text-align: center; font-size: 25px;\"><strong>Mobility<\/strong><\/p><p style=\"text-align: center;\">If you are interested in improving your training while traveling abroad, do not hesitate to visit the <a title=\"ULPGC Mobility Plan\" href=\"http:\/\/www.movilidad.ulpgc.es\/\" target=\"_blank\" rel=\"Movilidad Plan ULPGC de noopener\">ULPGC Mobility Plan<\/a> to inform you.<\/p>\t\t\t\t\t\t\t\t<\/div>\n\t\t\t\t<\/div>\n\t\t\t\t\t<\/div>\n\t\t<\/div>\n\t\t\t\t\t<\/div>\n\t\t<\/section>\n\t\t\t\t<div class=\"elementor-element elementor-element-7f634fa elementor-widget elementor-widget-spacer\" data-id=\"7f634fa\" data-element_type=\"widget\" data-e-type=\"widget\" data-widget_type=\"spacer.default\">\n\t\t\t\t<div class=\"elementor-widget-container\">\n\t\t\t\t\t\t\t<div class=\"elementor-spacer\">\n\t\t\t<div class=\"elementor-spacer-inner\"><\/div>\n\t\t<\/div>\n\t\t\t\t\t\t<\/div>\n\t\t\t\t<\/div>\n\t\t\t\t\t<\/div>\n\t\t<\/div>\n\t\t\t\t\t<\/div>\n\t\t<\/section>\n\t\t\t\t<\/div>","protected":false},"excerpt":{"rendered":"<p>En este espacio podr\u00e1s encontrar toda la informaci\u00f3n de los T\u00edtulos impartidos en la Facultad de Veterinaria de la ULPGC.Si deseas buscar informaci\u00f3n sobre el acceso a los t\u00edtulos de la Facultad y del resto de la ULPGC consulte en enlace: ULPGC para ti. Recuerda que el acceso es un procedimiento centralizado de la ULPGC&hellip;&nbsp;<\/p>\n<div class=\"read-more-wrapper\"><a href=\"https:\/\/www.vet.ulpgc.es\/en\/formacion\/\" class=\"button button-primary\" rel=\"bookmark\">Read More &raquo;<span class=\"screen-reader-text\">Training<\/span><\/a><\/div>","protected":false},"author":1,"featured_media":0,"parent":0,"menu_order":3,"comment_status":"closed","ping_status":"closed","template":"","meta":{"neve_meta_sidebar":"","neve_meta_container":"","neve_meta_enable_content_width":"off","neve_meta_content_width":100,"neve_meta_title_alignment":"","neve_meta_author_avatar":"","neve_post_elements_order":"","neve_meta_disable_header":"","neve_meta_disable_footer":"","neve_meta_disable_title":"","neve_meta_reading_time":"","footnotes":""},"class_list":["post-97","page","type-page","status-publish","hentry"],"yoast_head":"<!-- This site is optimized with the Yoast SEO plugin v27.2 - https:\/\/yoast.com\/product\/yoast-seo-wordpress\/ -->\n<title>Formaci\u00f3n - Facultad de Veterinaria - Universidad de Las Palmas de Gran Canaria<\/title>\n<meta name=\"description\" content=\"Formaci\u00f3n en la Facultad de Veterinaria de la Universidad de Las Palmas de Gran Canaria. T\u00edtulos impartidos en la Facultad.\" \/>\n<meta name=\"robots\" content=\"index, follow, max-snippet:-1, max-image-preview:large, max-video-preview:-1\" \/>\n<link rel=\"canonical\" href=\"https:\/\/www.vet.ulpgc.es\/en\/formacion\/\" \/>\n<meta property=\"og:locale\" content=\"en_GB\" \/>\n<meta property=\"og:type\" content=\"article\" \/>\n<meta property=\"og:title\" content=\"Formaci\u00f3n - Facultad de Veterinaria - Universidad de Las Palmas de Gran Canaria\" \/>\n<meta property=\"og:description\" content=\"Formaci\u00f3n en la Facultad de Veterinaria de la Universidad de Las Palmas de Gran Canaria. T\u00edtulos impartidos en la Facultad.\" \/>\n<meta property=\"og:url\" content=\"https:\/\/www.vet.ulpgc.es\/en\/formacion\/\" \/>\n<meta property=\"og:site_name\" content=\"Facultad de Veterinaria - Universidad de Las Palmas de Gran Canaria\" \/>\n<meta property=\"article:modified_time\" content=\"2023-10-03T14:44:51+00:00\" \/>\n<meta property=\"og:image\" content=\"https:\/\/fv.ulpgc.es\/wp-content\/uploads\/2012\/02\/formacion_grado.jpg\" \/>\n<meta name=\"twitter:card\" content=\"summary_large_image\" \/>\n<meta name=\"twitter:label1\" content=\"Estimated reading time\" \/>\n\t<meta name=\"twitter:data1\" content=\"2 minutes\" \/>\n<script type=\"application\/ld+json\" class=\"yoast-schema-graph\">{\"@context\":\"https:\/\/schema.org\",\"@graph\":[{\"@type\":\"ScholarlyArticle\",\"@id\":\"https:\/\/www.vet.ulpgc.es\/formacion\/#article\",\"isPartOf\":{\"@id\":\"https:\/\/www.vet.ulpgc.es\/formacion\/\"},\"author\":{\"name\":\"Facultad Veterinaria\",\"@id\":\"https:\/\/www.vet.ulpgc.es\/#\/schema\/person\/d025fd34e26061d01a94416c6506a2d6\"},\"headline\":\"Formaci\u00f3n\",\"datePublished\":\"2012-02-02T07:37:19+00:00\",\"dateModified\":\"2023-10-03T14:44:51+00:00\",\"mainEntityOfPage\":{\"@id\":\"https:\/\/www.vet.ulpgc.es\/formacion\/\"},\"wordCount\":159,\"publisher\":{\"@id\":\"https:\/\/www.vet.ulpgc.es\/#organization\"},\"image\":{\"@id\":\"https:\/\/www.vet.ulpgc.es\/formacion\/#primaryimage\"},\"thumbnailUrl\":\"https:\/\/fv.ulpgc.es\/wp-content\/uploads\/2012\/02\/formacion_grado.jpg\",\"inLanguage\":\"en-GB\"},{\"@type\":\"WebPage\",\"@id\":\"https:\/\/www.vet.ulpgc.es\/formacion\/\",\"url\":\"https:\/\/www.vet.ulpgc.es\/formacion\/\",\"name\":\"Formaci\u00f3n - Facultad de Veterinaria - Universidad de Las Palmas de Gran Canaria\",\"isPartOf\":{\"@id\":\"https:\/\/www.vet.ulpgc.es\/#website\"},\"primaryImageOfPage\":{\"@id\":\"https:\/\/www.vet.ulpgc.es\/formacion\/#primaryimage\"},\"image\":{\"@id\":\"https:\/\/www.vet.ulpgc.es\/formacion\/#primaryimage\"},\"thumbnailUrl\":\"https:\/\/fv.ulpgc.es\/wp-content\/uploads\/2012\/02\/formacion_grado.jpg\",\"datePublished\":\"2012-02-02T07:37:19+00:00\",\"dateModified\":\"2023-10-03T14:44:51+00:00\",\"description\":\"Formaci\u00f3n en la Facultad de Veterinaria de la Universidad de Las Palmas de Gran Canaria. T\u00edtulos impartidos en la Facultad.\",\"breadcrumb\":{\"@id\":\"https:\/\/www.vet.ulpgc.es\/formacion\/#breadcrumb\"},\"inLanguage\":\"en-GB\",\"potentialAction\":[{\"@type\":\"ReadAction\",\"target\":[\"https:\/\/www.vet.ulpgc.es\/formacion\/\"]}]},{\"@type\":\"ImageObject\",\"inLanguage\":\"en-GB\",\"@id\":\"https:\/\/www.vet.ulpgc.es\/formacion\/#primaryimage\",\"url\":\"https:\/\/fv.ulpgc.es\/wp-content\/uploads\/2012\/02\/formacion_grado.jpg\",\"contentUrl\":\"https:\/\/fv.ulpgc.es\/wp-content\/uploads\/2012\/02\/formacion_grado.jpg\"},{\"@type\":\"BreadcrumbList\",\"@id\":\"https:\/\/www.vet.ulpgc.es\/formacion\/#breadcrumb\",\"itemListElement\":[{\"@type\":\"ListItem\",\"position\":1,\"name\":\"Inicio\",\"item\":\"https:\/\/www.vet.ulpgc.es\/\"},{\"@type\":\"ListItem\",\"position\":2,\"name\":\"Formaci\u00f3n\"}]},{\"@type\":\"WebSite\",\"@id\":\"https:\/\/www.vet.ulpgc.es\/#website\",\"url\":\"https:\/\/www.vet.ulpgc.es\/\",\"name\":\"Facultad de Veterinaria - Universidad de Las Palmas de Gran Canaria\",\"description\":\"ULPGC\",\"publisher\":{\"@id\":\"https:\/\/www.vet.ulpgc.es\/#organization\"},\"potentialAction\":[{\"@type\":\"SearchAction\",\"target\":{\"@type\":\"EntryPoint\",\"urlTemplate\":\"https:\/\/www.vet.ulpgc.es\/?s={search_term_string}\"},\"query-input\":{\"@type\":\"PropertyValueSpecification\",\"valueRequired\":true,\"valueName\":\"search_term_string\"}}],\"inLanguage\":\"en-GB\"},{\"@type\":\"Organization\",\"@id\":\"https:\/\/www.vet.ulpgc.es\/#organization\",\"name\":\"Facultad de Veterinaria ULPGC\",\"alternateName\":\"Facultad de Veterinaria de Las Palmas\",\"url\":\"https:\/\/www.vet.ulpgc.es\/\",\"logo\":{\"@type\":\"ImageObject\",\"inLanguage\":\"en-GB\",\"@id\":\"https:\/\/www.vet.ulpgc.es\/#\/schema\/logo\/image\/\",\"url\":\"\",\"contentUrl\":\"\",\"caption\":\"Facultad de Veterinaria ULPGC\"},\"image\":{\"@id\":\"https:\/\/www.vet.ulpgc.es\/#\/schema\/logo\/image\/\"}},{\"@type\":\"Person\",\"@id\":\"https:\/\/www.vet.ulpgc.es\/#\/schema\/person\/d025fd34e26061d01a94416c6506a2d6\",\"name\":\"Facultad Veterinaria\",\"image\":{\"@type\":\"ImageObject\",\"inLanguage\":\"en-GB\",\"@id\":\"https:\/\/secure.gravatar.com\/avatar\/fa74362430e1b1b376c0b027c2757acdf7cc58d6cc45bd094b2c6bd1211821fa?s=96&d=mm&r=g\",\"url\":\"https:\/\/secure.gravatar.com\/avatar\/fa74362430e1b1b376c0b027c2757acdf7cc58d6cc45bd094b2c6bd1211821fa?s=96&d=mm&r=g\",\"contentUrl\":\"https:\/\/secure.gravatar.com\/avatar\/fa74362430e1b1b376c0b027c2757acdf7cc58d6cc45bd094b2c6bd1211821fa?s=96&d=mm&r=g\",\"caption\":\"Facultad Veterinaria\"},\"sameAs\":[\"https:\/\/fv.ulpgc.es\"],\"url\":\"https:\/\/www.vet.ulpgc.es\/en\/author\/facultad-veterinaria\/\"}]}<\/script>\n<!-- \/ Yoast SEO plugin. -->","yoast_head_json":{"title":"Formaci\u00f3n - Facultad de Veterinaria - Universidad de Las Palmas de Gran Canaria","description":"Formaci\u00f3n en la Facultad de Veterinaria de la Universidad de Las Palmas de Gran Canaria. T\u00edtulos impartidos en la Facultad.","robots":{"index":"index","follow":"follow","max-snippet":"max-snippet:-1","max-image-preview":"max-image-preview:large","max-video-preview":"max-video-preview:-1"},"canonical":"https:\/\/www.vet.ulpgc.es\/en\/formacion\/","og_locale":"en_GB","og_type":"article","og_title":"Formaci\u00f3n - Facultad de Veterinaria - Universidad de Las Palmas de Gran Canaria","og_description":"Formaci\u00f3n en la Facultad de Veterinaria de la Universidad de Las Palmas de Gran Canaria. T\u00edtulos impartidos en la Facultad.","og_url":"https:\/\/www.vet.ulpgc.es\/en\/formacion\/","og_site_name":"Facultad de Veterinaria - Universidad de Las Palmas de Gran Canaria","article_modified_time":"2023-10-03T14:44:51+00:00","og_image":[{"url":"https:\/\/fv.ulpgc.es\/wp-content\/uploads\/2012\/02\/formacion_grado.jpg","type":"","width":"","height":""}],"twitter_card":"summary_large_image","twitter_misc":{"Estimated reading time":"2 minutes"},"schema":{"@context":"https:\/\/schema.org","@graph":[{"@type":"ScholarlyArticle","@id":"https:\/\/www.vet.ulpgc.es\/formacion\/#article","isPartOf":{"@id":"https:\/\/www.vet.ulpgc.es\/formacion\/"},"author":{"name":"Facultad Veterinaria","@id":"https:\/\/www.vet.ulpgc.es\/#\/schema\/person\/d025fd34e26061d01a94416c6506a2d6"},"headline":"Formaci\u00f3n","datePublished":"2012-02-02T07:37:19+00:00","dateModified":"2023-10-03T14:44:51+00:00","mainEntityOfPage":{"@id":"https:\/\/www.vet.ulpgc.es\/formacion\/"},"wordCount":159,"publisher":{"@id":"https:\/\/www.vet.ulpgc.es\/#organization"},"image":{"@id":"https:\/\/www.vet.ulpgc.es\/formacion\/#primaryimage"},"thumbnailUrl":"https:\/\/fv.ulpgc.es\/wp-content\/uploads\/2012\/02\/formacion_grado.jpg","inLanguage":"en-GB"},{"@type":"WebPage","@id":"https:\/\/www.vet.ulpgc.es\/formacion\/","url":"https:\/\/www.vet.ulpgc.es\/formacion\/","name":"Formaci\u00f3n - Facultad de Veterinaria - Universidad de Las Palmas de Gran Canaria","isPartOf":{"@id":"https:\/\/www.vet.ulpgc.es\/#website"},"primaryImageOfPage":{"@id":"https:\/\/www.vet.ulpgc.es\/formacion\/#primaryimage"},"image":{"@id":"https:\/\/www.vet.ulpgc.es\/formacion\/#primaryimage"},"thumbnailUrl":"https:\/\/fv.ulpgc.es\/wp-content\/uploads\/2012\/02\/formacion_grado.jpg","datePublished":"2012-02-02T07:37:19+00:00","dateModified":"2023-10-03T14:44:51+00:00","description":"Formaci\u00f3n en la Facultad de Veterinaria de la Universidad de Las Palmas de Gran Canaria. T\u00edtulos impartidos en la Facultad.","breadcrumb":{"@id":"https:\/\/www.vet.ulpgc.es\/formacion\/#breadcrumb"},"inLanguage":"en-GB","potentialAction":[{"@type":"ReadAction","target":["https:\/\/www.vet.ulpgc.es\/formacion\/"]}]},{"@type":"ImageObject","inLanguage":"en-GB","@id":"https:\/\/www.vet.ulpgc.es\/formacion\/#primaryimage","url":"https:\/\/fv.ulpgc.es\/wp-content\/uploads\/2012\/02\/formacion_grado.jpg","contentUrl":"https:\/\/fv.ulpgc.es\/wp-content\/uploads\/2012\/02\/formacion_grado.jpg"},{"@type":"BreadcrumbList","@id":"https:\/\/www.vet.ulpgc.es\/formacion\/#breadcrumb","itemListElement":[{"@type":"ListItem","position":1,"name":"Inicio","item":"https:\/\/www.vet.ulpgc.es\/"},{"@type":"ListItem","position":2,"name":"Formaci\u00f3n"}]},{"@type":"WebSite","@id":"https:\/\/www.vet.ulpgc.es\/#website","url":"https:\/\/www.vet.ulpgc.es\/","name":"Faculty of Veterinary Medicine - University of Las Palmas de Gran Canaria","description":"ULPGC","publisher":{"@id":"https:\/\/www.vet.ulpgc.es\/#organization"},"potentialAction":[{"@type":"SearchAction","target":{"@type":"EntryPoint","urlTemplate":"https:\/\/www.vet.ulpgc.es\/?s={search_term_string}"},"query-input":{"@type":"PropertyValueSpecification","valueRequired":true,"valueName":"search_term_string"}}],"inLanguage":"en-GB"},{"@type":"Organization","@id":"https:\/\/www.vet.ulpgc.es\/#organization","name":"ULPGC Faculty of Veterinary Medicine","alternateName":"Facultad de Veterinaria de Las Palmas","url":"https:\/\/www.vet.ulpgc.es\/","logo":{"@type":"ImageObject","inLanguage":"en-GB","@id":"https:\/\/www.vet.ulpgc.es\/#\/schema\/logo\/image\/","url":"","contentUrl":"","caption":"Facultad de Veterinaria ULPGC"},"image":{"@id":"https:\/\/www.vet.ulpgc.es\/#\/schema\/logo\/image\/"}},{"@type":"Person","@id":"https:\/\/www.vet.ulpgc.es\/#\/schema\/person\/d025fd34e26061d01a94416c6506a2d6","name":"Facultad Veterinaria","image":{"@type":"ImageObject","inLanguage":"en-GB","@id":"https:\/\/secure.gravatar.com\/avatar\/fa74362430e1b1b376c0b027c2757acdf7cc58d6cc45bd094b2c6bd1211821fa?s=96&d=mm&r=g","url":"https:\/\/secure.gravatar.com\/avatar\/fa74362430e1b1b376c0b027c2757acdf7cc58d6cc45bd094b2c6bd1211821fa?s=96&d=mm&r=g","contentUrl":"https:\/\/secure.gravatar.com\/avatar\/fa74362430e1b1b376c0b027c2757acdf7cc58d6cc45bd094b2c6bd1211821fa?s=96&d=mm&r=g","caption":"Facultad Veterinaria"},"sameAs":["https:\/\/fv.ulpgc.es"],"url":"https:\/\/www.vet.ulpgc.es\/en\/author\/facultad-veterinaria\/"}]}},"_links":{"self":[{"href":"https:\/\/www.vet.ulpgc.es\/en\/wp-json\/wp\/v2\/pages\/97","targetHints":{"allow":["GET"]}}],"collection":[{"href":"https:\/\/www.vet.ulpgc.es\/en\/wp-json\/wp\/v2\/pages"}],"about":[{"href":"https:\/\/www.vet.ulpgc.es\/en\/wp-json\/wp\/v2\/types\/page"}],"author":[{"embeddable":true,"href":"https:\/\/www.vet.ulpgc.es\/en\/wp-json\/wp\/v2\/users\/1"}],"replies":[{"embeddable":true,"href":"https:\/\/www.vet.ulpgc.es\/en\/wp-json\/wp\/v2\/comments?post=97"}],"version-history":[{"count":0,"href":"https:\/\/www.vet.ulpgc.es\/en\/wp-json\/wp\/v2\/pages\/97\/revisions"}],"wp:attachment":[{"href":"https:\/\/www.vet.ulpgc.es\/en\/wp-json\/wp\/v2\/media?parent=97"}],"curies":[{"name":"wp","href":"https:\/\/api.w.org\/{rel}","templated":true}]}}