{"id":886,"date":"2012-02-15T19:38:12","date_gmt":"2012-02-15T19:38:12","guid":{"rendered":"http:\/\/www.fv.ulpgc.es\/?page_id=886"},"modified":"2024-12-05T09:49:13","modified_gmt":"2024-12-05T09:49:13","slug":"comision-de-titulos","status":"publish","type":"page","link":"https:\/\/www.vet.ulpgc.es\/en\/comision-de-titulos\/","title":{"rendered":"Graduate Title Commission"},"content":{"rendered":"","protected":true},"excerpt":{"rendered":"","protected":true},"author":1,"featured_media":0,"parent":0,"menu_order":1,"comment_status":"closed","ping_status":"closed","template":"","meta":{"neve_meta_sidebar":"","neve_meta_container":"","neve_meta_enable_content_width":"off","neve_meta_content_width":100,"neve_meta_title_alignment":"","neve_meta_author_avatar":"","neve_post_elements_order":"","neve_meta_disable_header":"","neve_meta_disable_footer":"","neve_meta_disable_title":"","neve_meta_reading_time":"","footnotes":""},"class_list":["post-886","page","type-page","status-publish","post-password-required","hentry"],"yoast_head":"<!-- This site is optimized with the Yoast SEO plugin v27.2 - https:\/\/yoast.com\/product\/yoast-seo-wordpress\/ -->\n<title>Comisi\u00f3n de T\u00edtulo de Grado - Facultad de Veterinaria - Universidad de Las Palmas de Gran Canaria<\/title>\n<meta name=\"description\" content=\"Comisi\u00f3n de T\u00edtulo de Grado. Facultad de Veterinaria de la Universidad de Las Palmas de Gran Canaria. Miembros, actas y documentaci\u00f3n.\" \/>\n<meta name=\"robots\" content=\"index, follow, max-snippet:-1, max-image-preview:large, max-video-preview:-1\" \/>\n<link rel=\"canonical\" href=\"https:\/\/www.vet.ulpgc.es\/en\/comision-de-titulos\/\" \/>\n<meta property=\"og:locale\" content=\"en_GB\" \/>\n<meta property=\"og:type\" content=\"article\" \/>\n<meta property=\"og:title\" content=\"Comisi\u00f3n de T\u00edtulo de Grado - Facultad de Veterinaria - Universidad de Las Palmas de Gran Canaria\" \/>\n<meta property=\"og:description\" content=\"Comisi\u00f3n de T\u00edtulo de Grado. Facultad de Veterinaria de la Universidad de Las Palmas de Gran Canaria. Miembros, actas y documentaci\u00f3n.\" \/>\n<meta property=\"og:url\" content=\"https:\/\/www.vet.ulpgc.es\/en\/comision-de-titulos\/\" \/>\n<meta property=\"og:site_name\" content=\"Facultad de Veterinaria - Universidad de Las Palmas de Gran Canaria\" \/>\n<meta property=\"article:modified_time\" content=\"2024-12-05T09:49:13+00:00\" \/>\n<meta name=\"twitter:card\" content=\"summary_large_image\" \/>\n<meta name=\"twitter:label1\" content=\"Estimated reading time\" \/>\n\t<meta name=\"twitter:data1\" content=\"3 minutes\" \/>\n<script type=\"application\/ld+json\" class=\"yoast-schema-graph\">{\"@context\":\"https:\/\/schema.org\",\"@graph\":[{\"@type\":\"WebPage\",\"@id\":\"https:\/\/www.vet.ulpgc.es\/comision-de-titulos\/\",\"url\":\"https:\/\/www.vet.ulpgc.es\/comision-de-titulos\/\",\"name\":\"Comisi\u00f3n de T\u00edtulo de Grado - Facultad de Veterinaria - Universidad de Las Palmas de Gran Canaria\",\"isPartOf\":{\"@id\":\"https:\/\/www.vet.ulpgc.es\/#website\"},\"datePublished\":\"2012-02-15T19:38:12+00:00\",\"dateModified\":\"2024-12-05T09:49:13+00:00\",\"breadcrumb\":{\"@id\":\"https:\/\/www.vet.ulpgc.es\/comision-de-titulos\/#breadcrumb\"},\"inLanguage\":\"en-GB\"},{\"@type\":\"WebSite\",\"@id\":\"https:\/\/www.vet.ulpgc.es\/#website\",\"url\":\"https:\/\/www.vet.ulpgc.es\/\",\"name\":\"Facultad de Veterinaria - Universidad de Las Palmas de Gran Canaria\",\"description\":\"ULPGC\",\"publisher\":{\"@id\":\"https:\/\/www.vet.ulpgc.es\/#organization\"},\"potentialAction\":[{\"@type\":\"SearchAction\",\"target\":{\"@type\":\"EntryPoint\",\"urlTemplate\":\"https:\/\/www.vet.ulpgc.es\/?s={search_term_string}\"},\"query-input\":{\"@type\":\"PropertyValueSpecification\",\"valueRequired\":true,\"valueName\":\"search_term_string\"}}],\"inLanguage\":\"en-GB\"},{\"@type\":\"Organization\",\"@id\":\"https:\/\/www.vet.ulpgc.es\/#organization\",\"name\":\"Facultad de Veterinaria ULPGC\",\"alternateName\":\"Facultad de Veterinaria de Las Palmas\",\"url\":\"https:\/\/www.vet.ulpgc.es\/\",\"logo\":{\"@type\":\"ImageObject\",\"inLanguage\":\"en-GB\",\"@id\":\"https:\/\/www.vet.ulpgc.es\/#\/schema\/logo\/image\/\",\"url\":\"\",\"contentUrl\":\"\",\"caption\":\"Facultad de Veterinaria ULPGC\"},\"image\":{\"@id\":\"https:\/\/www.vet.ulpgc.es\/#\/schema\/logo\/image\/\"}}]}<\/script>\n<!-- \/ Yoast SEO plugin. -->","yoast_head_json":{"title":"Comisi\u00f3n de T\u00edtulo de Grado - Facultad de Veterinaria - Universidad de Las Palmas de Gran Canaria","description":"Comisi\u00f3n de T\u00edtulo de Grado. Facultad de Veterinaria de la Universidad de Las Palmas de Gran Canaria. Miembros, actas y documentaci\u00f3n.","robots":{"index":"index","follow":"follow","max-snippet":"max-snippet:-1","max-image-preview":"max-image-preview:large","max-video-preview":"max-video-preview:-1"},"canonical":"https:\/\/www.vet.ulpgc.es\/en\/comision-de-titulos\/","og_locale":"en_GB","og_type":"article","og_title":"Comisi\u00f3n de T\u00edtulo de Grado - Facultad de Veterinaria - Universidad de Las Palmas de Gran Canaria","og_description":"Comisi\u00f3n de T\u00edtulo de Grado. Facultad de Veterinaria de la Universidad de Las Palmas de Gran Canaria. Miembros, actas y documentaci\u00f3n.","og_url":"https:\/\/www.vet.ulpgc.es\/en\/comision-de-titulos\/","og_site_name":"Facultad de Veterinaria - Universidad de Las Palmas de Gran Canaria","article_modified_time":"2024-12-05T09:49:13+00:00","twitter_card":"summary_large_image","twitter_misc":{"Estimated reading time":"3 minutes"},"schema":{"@context":"https:\/\/schema.org","@graph":[{"@type":"WebPage","@id":"https:\/\/www.vet.ulpgc.es\/comision-de-titulos\/","url":"https:\/\/www.vet.ulpgc.es\/comision-de-titulos\/","name":"Comisi\u00f3n de T\u00edtulo de Grado - Facultad de Veterinaria - Universidad de Las Palmas de Gran Canaria","isPartOf":{"@id":"https:\/\/www.vet.ulpgc.es\/#website"},"datePublished":"2012-02-15T19:38:12+00:00","dateModified":"2024-12-05T09:49:13+00:00","breadcrumb":{"@id":"https:\/\/www.vet.ulpgc.es\/comision-de-titulos\/#breadcrumb"},"inLanguage":"en-GB"},{"@type":"WebSite","@id":"https:\/\/www.vet.ulpgc.es\/#website","url":"https:\/\/www.vet.ulpgc.es\/","name":"Faculty of Veterinary Medicine - University of Las Palmas de Gran Canaria","description":"ULPGC","publisher":{"@id":"https:\/\/www.vet.ulpgc.es\/#organization"},"potentialAction":[{"@type":"SearchAction","target":{"@type":"EntryPoint","urlTemplate":"https:\/\/www.vet.ulpgc.es\/?s={search_term_string}"},"query-input":{"@type":"PropertyValueSpecification","valueRequired":true,"valueName":"search_term_string"}}],"inLanguage":"en-GB"},{"@type":"Organization","@id":"https:\/\/www.vet.ulpgc.es\/#organization","name":"ULPGC Faculty of Veterinary Medicine","alternateName":"Facultad de Veterinaria de Las Palmas","url":"https:\/\/www.vet.ulpgc.es\/","logo":{"@type":"ImageObject","inLanguage":"en-GB","@id":"https:\/\/www.vet.ulpgc.es\/#\/schema\/logo\/image\/","url":"","contentUrl":"","caption":"Facultad de Veterinaria ULPGC"},"image":{"@id":"https:\/\/www.vet.ulpgc.es\/#\/schema\/logo\/image\/"}}]}},"_links":{"self":[{"href":"https:\/\/www.vet.ulpgc.es\/en\/wp-json\/wp\/v2\/pages\/886","targetHints":{"allow":["GET"]}}],"collection":[{"href":"https:\/\/www.vet.ulpgc.es\/en\/wp-json\/wp\/v2\/pages"}],"about":[{"href":"https:\/\/www.vet.ulpgc.es\/en\/wp-json\/wp\/v2\/types\/page"}],"author":[{"embeddable":true,"href":"https:\/\/www.vet.ulpgc.es\/en\/wp-json\/wp\/v2\/users\/1"}],"replies":[{"embeddable":true,"href":"https:\/\/www.vet.ulpgc.es\/en\/wp-json\/wp\/v2\/comments?post=886"}],"version-history":[{"count":0,"href":"https:\/\/www.vet.ulpgc.es\/en\/wp-json\/wp\/v2\/pages\/886\/revisions"}],"wp:attachment":[{"href":"https:\/\/www.vet.ulpgc.es\/en\/wp-json\/wp\/v2\/media?parent=886"}],"curies":[{"name":"wp","href":"https:\/\/api.w.org\/{rel}","templated":true}]}}