{"id":882,"date":"2012-02-15T19:36:10","date_gmt":"2012-02-15T19:36:10","guid":{"rendered":"http:\/\/www.fv.ulpgc.es\/?page_id=882"},"modified":"2025-09-09T14:27:03","modified_gmt":"2025-09-09T14:27:03","slug":"comision-de-laboratorios","status":"publish","type":"page","link":"https:\/\/www.vet.ulpgc.es\/en\/la-facultad\/junta-de-facultad-comisiones-y-normativa-propia\/junta-de-facultad\/comision-de-laboratorios\/","title":{"rendered":"Mentor Program Commission"},"content":{"rendered":"<div data-elementor-type=\"wp-page\" data-elementor-id=\"882\" class=\"elementor elementor-882\" data-elementor-post-type=\"page\">\n\t\t\t\t\t\t<section class=\"elementor-section elementor-top-section elementor-element elementor-element-3dc29e61 elementor-section-boxed elementor-section-height-default elementor-section-height-default\" data-id=\"3dc29e61\" data-element_type=\"section\" data-e-type=\"section\">\n\t\t\t\t\t\t<div class=\"elementor-container elementor-column-gap-default\">\n\t\t\t\t\t<div class=\"elementor-column elementor-col-100 elementor-top-column elementor-element elementor-element-67b52684\" data-id=\"67b52684\" data-element_type=\"column\" data-e-type=\"column\">\n\t\t\t<div class=\"elementor-widget-wrap elementor-element-populated\">\n\t\t\t\t\t\t<div class=\"elementor-element elementor-element-c4c2ecd elementor--h-position-center elementor--v-position-middle elementor-arrows-position-inside elementor-widget elementor-widget-slides\" data-id=\"c4c2ecd\" data-element_type=\"widget\" data-e-type=\"widget\" data-settings=\"{&quot;navigation&quot;:&quot;arrows&quot;,&quot;transition&quot;:&quot;fade&quot;,&quot;autoplay&quot;:&quot;yes&quot;,&quot;pause_on_hover&quot;:&quot;yes&quot;,&quot;pause_on_interaction&quot;:&quot;yes&quot;,&quot;autoplay_speed&quot;:5000,&quot;infinite&quot;:&quot;yes&quot;,&quot;transition_speed&quot;:500}\" data-widget_type=\"slides.default\">\n\t\t\t\t<div class=\"elementor-widget-container\">\n\t\t\t\t\t\t\t\t\t<div class=\"elementor-swiper\">\n\t\t\t\t\t<div class=\"elementor-slides-wrapper elementor-main-swiper swiper\" role=\"region\" aria-roledescription=\"carousel\" aria-label=\"Slides\" dir=\"ltr\" data-animation=\"fadeInUp\">\n\t\t\t\t<div class=\"swiper-wrapper elementor-slides\">\n\t\t\t\t\t\t\t\t\t\t<div class=\"elementor-repeater-item-82b41e5 swiper-slide\" role=\"group\" aria-roledescription=\"slide\"><div class=\"swiper-slide-bg\" role=\"img\" aria-label=\"slider enfermedades infecciosas 1\"><\/div><div class=\"swiper-slide-inner\" ><div class=\"swiper-slide-contents\"><\/div><\/div><\/div><div class=\"elementor-repeater-item-38aecef swiper-slide\" role=\"group\" aria-roledescription=\"slide\"><div class=\"swiper-slide-bg\" role=\"img\" aria-label=\"slider anatomia patologica 2\"><\/div><div class=\"swiper-slide-inner\" ><div class=\"swiper-slide-contents\"><\/div><\/div><\/div><div class=\"elementor-repeater-item-8c1ac46 swiper-slide\" role=\"group\" aria-roledescription=\"slide\"><div class=\"swiper-slide-bg\" role=\"img\" aria-label=\"slider licenciatura 3\"><\/div><div class=\"swiper-slide-inner\" ><div class=\"swiper-slide-contents\"><\/div><\/div><\/div><div class=\"elementor-repeater-item-69a4a30 swiper-slide\" role=\"group\" aria-roledescription=\"slide\"><div class=\"swiper-slide-bg\" role=\"img\" aria-label=\"slider licenciatura 2\"><\/div><div class=\"swiper-slide-inner\" ><div class=\"swiper-slide-contents\"><\/div><\/div><\/div><div class=\"elementor-repeater-item-9875a19 swiper-slide\" role=\"group\" aria-roledescription=\"slide\"><div class=\"swiper-slide-bg\" role=\"img\" aria-label=\"slider licenciatura 1\"><\/div><div class=\"swiper-slide-inner\" ><div class=\"swiper-slide-contents\"><\/div><\/div><\/div>\t\t\t\t<\/div>\n\t\t\t\t\t\t\t\t\t\t\t\t\t\t\t<div class=\"elementor-swiper-button elementor-swiper-button-prev\" role=\"button\" tabindex=\"0\" aria-label=\"Previous slide\" data-no-translation-aria-label=\"\">\n\t\t\t\t\t\t\t<i aria-hidden=\"true\" class=\"eicon-chevron-left\"><\/i>\t\t\t\t\t\t<\/div>\n\t\t\t\t\t\t<div class=\"elementor-swiper-button elementor-swiper-button-next\" role=\"button\" tabindex=\"0\" aria-label=\"Next slide\" data-no-translation-aria-label=\"\">\n\t\t\t\t\t\t\t<i aria-hidden=\"true\" class=\"eicon-chevron-right\"><\/i>\t\t\t\t\t\t<\/div>\n\t\t\t\t\t\t\t\t\t\t\t\t\t\t\t\t\t<\/div>\n\t\t\t\t<\/div>\n\t\t\t\t\t\t\t\t<\/div>\n\t\t\t\t<\/div>\n\t\t\t\t<div class=\"elementor-element elementor-element-360ab91 elementor-widget elementor-widget-eael-adv-accordion\" data-id=\"360ab91\" data-element_type=\"widget\" data-e-type=\"widget\" data-widget_type=\"eael-adv-accordion.default\">\n\t\t\t\t<div class=\"elementor-widget-container\">\n\t\t\t\t\t            <div class=\"eael-adv-accordion\" id=\"eael-adv-accordion-360ab91\" data-scroll-on-click=\"no\" data-scroll-speed=\"300\" data-accordion-id=\"360ab91\" data-accordion-type=\"accordion\" data-toogle-speed=\"300\">\n            <div class=\"eael-accordion-list\">\n\t\t\t\t\t<div id=\"miembros-de-la-comisin\" class=\"elementor-tab-title eael-accordion-header active-default\" tabindex=\"0\" data-tab=\"1\" aria-controls=\"elementor-tab-content-5661\"><span class=\"eael-advanced-accordion-icon-closed\"><i aria-hidden=\"true\" class=\"fa-accordion-icon fas fa-plus\"><\/i><\/span><span class=\"eael-advanced-accordion-icon-opened\"><i aria-hidden=\"true\" class=\"fa-accordion-icon fas fa-minus\"><\/i><\/span><span class=\"eael-accordion-tab-title\">Commission members<\/span><i aria-hidden=\"true\" class=\"fa-toggle fas fa-angle-right\"><\/i><\/div><div id=\"elementor-tab-content-5661\" class=\"eael-accordion-content clearfix active-default\" data-tab=\"1\" aria-labelledby=\"miembros-de-la-comisin\"><ul><li><strong>Dean.\u00a0<\/strong>Miguel Batista Arteaga<\/li><li><strong>Vice Dean of Quality and Equality:<\/strong>\u00a0Pino Palacios D\u00edaz (Secretary)<\/li><li><strong>Faculty<\/strong><ul><li>Ayoze Castro Alonzo (T)<\/li><li>Sergio Martin Martel (T)<\/li><li>Daniel Padillas Castillo (S)<\/li><\/ul><\/li><li><strong>Students (2):<\/strong><ul><li>Amanda Tejera Morales<\/li><\/ul><\/li><\/ul><\/div>\n\t\t\t\t\t<\/div><div class=\"eael-accordion-list\">\n\t\t\t\t\t<div id=\"actas\" class=\"elementor-tab-title eael-accordion-header\" tabindex=\"0\" data-tab=\"2\" aria-controls=\"elementor-tab-content-5662\"><span class=\"eael-advanced-accordion-icon-closed\"><i aria-hidden=\"true\" class=\"fa-accordion-icon fas fa-plus\"><\/i><\/span><span class=\"eael-advanced-accordion-icon-opened\"><i aria-hidden=\"true\" class=\"fa-accordion-icon fas fa-minus\"><\/i><\/span><span class=\"eael-accordion-tab-title\">Proceedings<\/span><i aria-hidden=\"true\" class=\"fa-toggle fas fa-angle-right\"><\/i><\/div><div id=\"elementor-tab-content-5662\" class=\"eael-accordion-content clearfix\" data-tab=\"2\" aria-labelledby=\"actas\"><ul><li><strong>Acta Comisi\u00f3n Mentor del 2 de Julio de 2025<\/strong> (<a href=\"https:\/\/www.vet.ulpgc.es\/wp-content\/uploads\/2025\/09\/acta-COMISION-MENTOR-02_07_2025.pdf\">minutes<\/a>)<\/li><li><strong>Faculty Board Minutes (07\/22\/2022) with approval of the creation of the Mento Program Commission<\/strong>r(<a href=\"https:\/\/fv.ulpgc.es\/wp-content\/uploads\/2023\/05\/Acta-Junta-de-Facultad-22072022-2.pdf\">access the file<\/a>)<\/li><li><strong>Minutes of the Mentor Program Ordinary Commission of May 2, 2023<\/strong>\u00a0(<a href=\"https:\/\/fv.ulpgc.es\/wp-content\/uploads\/2023\/05\/Acta_ConvOrd_Programa-Mentor_02052023.pdf\">access the file<\/a>)<\/li><\/ul><\/div>\n\t\t\t\t\t<\/div><div class=\"eael-accordion-list\">\n\t\t\t\t\t<div id=\"documentos-de-referencia-importantes\" class=\"elementor-tab-title eael-accordion-header\" tabindex=\"0\" data-tab=\"3\" aria-controls=\"elementor-tab-content-5663\"><span class=\"eael-advanced-accordion-icon-closed\"><i aria-hidden=\"true\" class=\"fa-accordion-icon fas fa-plus\"><\/i><\/span><span class=\"eael-advanced-accordion-icon-opened\"><i aria-hidden=\"true\" class=\"fa-accordion-icon fas fa-minus\"><\/i><\/span><span class=\"eael-accordion-tab-title\">Documentos de referencia importantes<\/span><i aria-hidden=\"true\" class=\"fa-toggle fas fa-angle-right\"><\/i><\/div><div id=\"elementor-tab-content-5663\" class=\"eael-accordion-content clearfix\" data-tab=\"3\" aria-labelledby=\"documentos-de-referencia-importantes\"><ul><li>REGLAMENTO PROGRAMA MENTOR (aprobado en Consejo de Gobierno 24\/02\/2022) (<a href=\"http:\/\/www.fv.ulpgc.es\/wp-content\/uploads\/2023\/04\/reglamento_3_2022_programa_mentor_ulpgc.pdf\">link<\/a>)<\/li><li>Informe Programa Mentor\u00eda total ULPGC (<a href=\"http:\/\/www.fv.ulpgc.es\/wp-content\/uploads\/2023\/05\/Informe-Programa-Mentoria-ULPGC-2022-23.pdf\">link<\/a>)<\/li><li>Resoluci\u00f3n Programa Mentor curso 2023\/24 (<a href=\"http:\/\/www.fv.ulpgc.es\/wp-content\/uploads\/2023\/05\/Resolucion-Programa-Mentor_curso-202324.pdf\">link<\/a>)<\/li><\/ul><\/div>\n\t\t\t\t\t<\/div><\/div>\t\t\t\t<\/div>\n\t\t\t\t<\/div>\n\t\t\t\t\t<\/div>\n\t\t<\/div>\n\t\t\t\t\t<\/div>\n\t\t<\/section>\n\t\t\t\t<\/div>","protected":false},"excerpt":{"rendered":"<p>Miembros de la comisi\u00f3n Decano.\u00a0Miguel Batista Arteaga Vicedecana de Calidad e Igualdad:\u00a0Pino Palacios D\u00edaz (Secretaria) Profesorado Ayoze Castro Alonzo (T) Sergio Martin Martel (T) Daniel Padillas Castillo (S) Estudiantes (2): Amanda Tejera Morales Actas Acta Comisi\u00f3n Mentor del 2 de Julio de 2025 (acta) Acta Junta de Facultad (22\/07\/2022) con aprobaci\u00f3n creaci\u00f3n Comisi\u00f3n del Programa&hellip;&nbsp;<\/p>\n<div class=\"read-more-wrapper\"><a href=\"https:\/\/www.vet.ulpgc.es\/en\/la-facultad\/junta-de-facultad-comisiones-y-normativa-propia\/junta-de-facultad\/comision-de-laboratorios\/\" class=\"button button-primary\" rel=\"bookmark\">Read More &raquo;<span class=\"screen-reader-text\">Mentor Program Commission<\/span><\/a><\/div>","protected":false},"author":1,"featured_media":0,"parent":9563,"menu_order":11,"comment_status":"closed","ping_status":"closed","template":"","meta":{"neve_meta_sidebar":"","neve_meta_container":"","neve_meta_enable_content_width":"off","neve_meta_content_width":100,"neve_meta_title_alignment":"","neve_meta_author_avatar":"","neve_post_elements_order":"","neve_meta_disable_header":"","neve_meta_disable_footer":"","neve_meta_disable_title":"","neve_meta_reading_time":"","footnotes":""},"class_list":["post-882","page","type-page","status-publish","hentry"],"yoast_head":"<!-- This site is optimized with the Yoast SEO plugin v27.2 - https:\/\/yoast.com\/product\/yoast-seo-wordpress\/ -->\n<title>Comisi\u00f3n del Programa Mentor - Facultad de Veterinaria - Universidad de Las Palmas de Gran Canaria<\/title>\n<meta name=\"description\" content=\"Comisi\u00f3n del Programa Mentor de la Facultad de Veterinaria de la Universidad de Las Palmas de Gran Canaria ULPGC.\" \/>\n<meta name=\"robots\" content=\"index, follow, max-snippet:-1, max-image-preview:large, max-video-preview:-1\" \/>\n<link rel=\"canonical\" href=\"https:\/\/www.vet.ulpgc.es\/en\/la-facultad\/junta-de-facultad-comisiones-y-normativa-propia\/junta-de-facultad\/comision-de-laboratorios\/\" \/>\n<meta property=\"og:locale\" content=\"en_GB\" \/>\n<meta property=\"og:type\" content=\"article\" \/>\n<meta property=\"og:title\" content=\"Comisi\u00f3n del Programa Mentor - Facultad de Veterinaria - Universidad de Las Palmas de Gran Canaria\" \/>\n<meta property=\"og:description\" content=\"Comisi\u00f3n del Programa Mentor de la Facultad de Veterinaria de la Universidad de Las Palmas de Gran Canaria ULPGC.\" \/>\n<meta property=\"og:url\" content=\"https:\/\/www.vet.ulpgc.es\/en\/la-facultad\/junta-de-facultad-comisiones-y-normativa-propia\/junta-de-facultad\/comision-de-laboratorios\/\" \/>\n<meta property=\"og:site_name\" content=\"Facultad de Veterinaria - Universidad de Las Palmas de Gran Canaria\" \/>\n<meta property=\"article:modified_time\" content=\"2025-09-09T14:27:03+00:00\" \/>\n<meta name=\"twitter:card\" content=\"summary_large_image\" \/>\n<meta name=\"twitter:label1\" content=\"Estimated reading time\" \/>\n\t<meta name=\"twitter:data1\" content=\"1 minute\" \/>\n<script type=\"application\/ld+json\" class=\"yoast-schema-graph\">{\"@context\":\"https:\/\/schema.org\",\"@graph\":[{\"@type\":\"ScholarlyArticle\",\"@id\":\"https:\/\/www.vet.ulpgc.es\/la-facultad\/junta-de-facultad-comisiones-y-normativa-propia\/junta-de-facultad\/comision-de-laboratorios\/#article\",\"isPartOf\":{\"@id\":\"https:\/\/www.vet.ulpgc.es\/la-facultad\/junta-de-facultad-comisiones-y-normativa-propia\/junta-de-facultad\/comision-de-laboratorios\/\"},\"author\":{\"name\":\"Facultad Veterinaria\",\"@id\":\"https:\/\/www.vet.ulpgc.es\/#\/schema\/person\/d025fd34e26061d01a94416c6506a2d6\"},\"headline\":\"Comisi\u00f3n del Programa Mentor\",\"datePublished\":\"2012-02-15T19:36:10+00:00\",\"dateModified\":\"2025-09-09T14:27:03+00:00\",\"mainEntityOfPage\":{\"@id\":\"https:\/\/www.vet.ulpgc.es\/la-facultad\/junta-de-facultad-comisiones-y-normativa-propia\/junta-de-facultad\/comision-de-laboratorios\/\"},\"wordCount\":107,\"publisher\":{\"@id\":\"https:\/\/www.vet.ulpgc.es\/#organization\"},\"inLanguage\":\"en-GB\"},{\"@type\":\"WebPage\",\"@id\":\"https:\/\/www.vet.ulpgc.es\/la-facultad\/junta-de-facultad-comisiones-y-normativa-propia\/junta-de-facultad\/comision-de-laboratorios\/\",\"url\":\"https:\/\/www.vet.ulpgc.es\/la-facultad\/junta-de-facultad-comisiones-y-normativa-propia\/junta-de-facultad\/comision-de-laboratorios\/\",\"name\":\"Comisi\u00f3n del Programa Mentor - Facultad de Veterinaria - Universidad de Las Palmas de Gran Canaria\",\"isPartOf\":{\"@id\":\"https:\/\/www.vet.ulpgc.es\/#website\"},\"datePublished\":\"2012-02-15T19:36:10+00:00\",\"dateModified\":\"2025-09-09T14:27:03+00:00\",\"description\":\"Comisi\u00f3n del Programa Mentor de la Facultad de Veterinaria de la Universidad de Las Palmas de Gran Canaria ULPGC.\",\"breadcrumb\":{\"@id\":\"https:\/\/www.vet.ulpgc.es\/la-facultad\/junta-de-facultad-comisiones-y-normativa-propia\/junta-de-facultad\/comision-de-laboratorios\/#breadcrumb\"},\"inLanguage\":\"en-GB\",\"potentialAction\":[{\"@type\":\"ReadAction\",\"target\":[\"https:\/\/www.vet.ulpgc.es\/la-facultad\/junta-de-facultad-comisiones-y-normativa-propia\/junta-de-facultad\/comision-de-laboratorios\/\"]}]},{\"@type\":\"BreadcrumbList\",\"@id\":\"https:\/\/www.vet.ulpgc.es\/la-facultad\/junta-de-facultad-comisiones-y-normativa-propia\/junta-de-facultad\/comision-de-laboratorios\/#breadcrumb\",\"itemListElement\":[{\"@type\":\"ListItem\",\"position\":1,\"name\":\"Inicio\",\"item\":\"https:\/\/www.vet.ulpgc.es\/\"},{\"@type\":\"ListItem\",\"position\":2,\"name\":\"La Facultad\",\"item\":\"https:\/\/www.vet.ulpgc.es\/la-facultad\/\"},{\"@type\":\"ListItem\",\"position\":3,\"name\":\"Junta de Facultad, Comisiones y Normativa propia\",\"item\":\"https:\/\/www.vet.ulpgc.es\/la-facultad\/junta-de-facultad-comisiones-y-normativa-propia\/\"},{\"@type\":\"ListItem\",\"position\":4,\"name\":\"Junta de Facultad\",\"item\":\"https:\/\/www.vet.ulpgc.es\/la-facultad\/junta-de-facultad-comisiones-y-normativa-propia\/junta-de-facultad\/\"},{\"@type\":\"ListItem\",\"position\":5,\"name\":\"Comisi\u00f3n del Programa Mentor\"}]},{\"@type\":\"WebSite\",\"@id\":\"https:\/\/www.vet.ulpgc.es\/#website\",\"url\":\"https:\/\/www.vet.ulpgc.es\/\",\"name\":\"Facultad de Veterinaria - Universidad de Las Palmas de Gran Canaria\",\"description\":\"ULPGC\",\"publisher\":{\"@id\":\"https:\/\/www.vet.ulpgc.es\/#organization\"},\"potentialAction\":[{\"@type\":\"SearchAction\",\"target\":{\"@type\":\"EntryPoint\",\"urlTemplate\":\"https:\/\/www.vet.ulpgc.es\/?s={search_term_string}\"},\"query-input\":{\"@type\":\"PropertyValueSpecification\",\"valueRequired\":true,\"valueName\":\"search_term_string\"}}],\"inLanguage\":\"en-GB\"},{\"@type\":\"Organization\",\"@id\":\"https:\/\/www.vet.ulpgc.es\/#organization\",\"name\":\"Facultad de Veterinaria ULPGC\",\"alternateName\":\"Facultad de Veterinaria de Las Palmas\",\"url\":\"https:\/\/www.vet.ulpgc.es\/\",\"logo\":{\"@type\":\"ImageObject\",\"inLanguage\":\"en-GB\",\"@id\":\"https:\/\/www.vet.ulpgc.es\/#\/schema\/logo\/image\/\",\"url\":\"\",\"contentUrl\":\"\",\"caption\":\"Facultad de Veterinaria ULPGC\"},\"image\":{\"@id\":\"https:\/\/www.vet.ulpgc.es\/#\/schema\/logo\/image\/\"}},{\"@type\":\"Person\",\"@id\":\"https:\/\/www.vet.ulpgc.es\/#\/schema\/person\/d025fd34e26061d01a94416c6506a2d6\",\"name\":\"Facultad Veterinaria\",\"image\":{\"@type\":\"ImageObject\",\"inLanguage\":\"en-GB\",\"@id\":\"https:\/\/secure.gravatar.com\/avatar\/fa74362430e1b1b376c0b027c2757acdf7cc58d6cc45bd094b2c6bd1211821fa?s=96&d=mm&r=g\",\"url\":\"https:\/\/secure.gravatar.com\/avatar\/fa74362430e1b1b376c0b027c2757acdf7cc58d6cc45bd094b2c6bd1211821fa?s=96&d=mm&r=g\",\"contentUrl\":\"https:\/\/secure.gravatar.com\/avatar\/fa74362430e1b1b376c0b027c2757acdf7cc58d6cc45bd094b2c6bd1211821fa?s=96&d=mm&r=g\",\"caption\":\"Facultad Veterinaria\"},\"sameAs\":[\"https:\/\/fv.ulpgc.es\"],\"url\":\"https:\/\/www.vet.ulpgc.es\/en\/author\/facultad-veterinaria\/\"}]}<\/script>\n<!-- \/ Yoast SEO plugin. -->","yoast_head_json":{"title":"Comisi\u00f3n del Programa Mentor - Facultad de Veterinaria - Universidad de Las Palmas de Gran Canaria","description":"Comisi\u00f3n del Programa Mentor de la Facultad de Veterinaria de la Universidad de Las Palmas de Gran Canaria ULPGC.","robots":{"index":"index","follow":"follow","max-snippet":"max-snippet:-1","max-image-preview":"max-image-preview:large","max-video-preview":"max-video-preview:-1"},"canonical":"https:\/\/www.vet.ulpgc.es\/en\/la-facultad\/junta-de-facultad-comisiones-y-normativa-propia\/junta-de-facultad\/comision-de-laboratorios\/","og_locale":"en_GB","og_type":"article","og_title":"Comisi\u00f3n del Programa Mentor - Facultad de Veterinaria - Universidad de Las Palmas de Gran Canaria","og_description":"Comisi\u00f3n del Programa Mentor de la Facultad de Veterinaria de la Universidad de Las Palmas de Gran Canaria ULPGC.","og_url":"https:\/\/www.vet.ulpgc.es\/en\/la-facultad\/junta-de-facultad-comisiones-y-normativa-propia\/junta-de-facultad\/comision-de-laboratorios\/","og_site_name":"Facultad de Veterinaria - Universidad de Las Palmas de Gran Canaria","article_modified_time":"2025-09-09T14:27:03+00:00","twitter_card":"summary_large_image","twitter_misc":{"Estimated reading time":"1 minute"},"schema":{"@context":"https:\/\/schema.org","@graph":[{"@type":"ScholarlyArticle","@id":"https:\/\/www.vet.ulpgc.es\/la-facultad\/junta-de-facultad-comisiones-y-normativa-propia\/junta-de-facultad\/comision-de-laboratorios\/#article","isPartOf":{"@id":"https:\/\/www.vet.ulpgc.es\/la-facultad\/junta-de-facultad-comisiones-y-normativa-propia\/junta-de-facultad\/comision-de-laboratorios\/"},"author":{"name":"Facultad Veterinaria","@id":"https:\/\/www.vet.ulpgc.es\/#\/schema\/person\/d025fd34e26061d01a94416c6506a2d6"},"headline":"Comisi\u00f3n del Programa Mentor","datePublished":"2012-02-15T19:36:10+00:00","dateModified":"2025-09-09T14:27:03+00:00","mainEntityOfPage":{"@id":"https:\/\/www.vet.ulpgc.es\/la-facultad\/junta-de-facultad-comisiones-y-normativa-propia\/junta-de-facultad\/comision-de-laboratorios\/"},"wordCount":107,"publisher":{"@id":"https:\/\/www.vet.ulpgc.es\/#organization"},"inLanguage":"en-GB"},{"@type":"WebPage","@id":"https:\/\/www.vet.ulpgc.es\/la-facultad\/junta-de-facultad-comisiones-y-normativa-propia\/junta-de-facultad\/comision-de-laboratorios\/","url":"https:\/\/www.vet.ulpgc.es\/la-facultad\/junta-de-facultad-comisiones-y-normativa-propia\/junta-de-facultad\/comision-de-laboratorios\/","name":"Comisi\u00f3n del Programa Mentor - Facultad de Veterinaria - Universidad de Las Palmas de Gran Canaria","isPartOf":{"@id":"https:\/\/www.vet.ulpgc.es\/#website"},"datePublished":"2012-02-15T19:36:10+00:00","dateModified":"2025-09-09T14:27:03+00:00","description":"Comisi\u00f3n del Programa Mentor de la Facultad de Veterinaria de la Universidad de Las Palmas de Gran Canaria ULPGC.","breadcrumb":{"@id":"https:\/\/www.vet.ulpgc.es\/la-facultad\/junta-de-facultad-comisiones-y-normativa-propia\/junta-de-facultad\/comision-de-laboratorios\/#breadcrumb"},"inLanguage":"en-GB","potentialAction":[{"@type":"ReadAction","target":["https:\/\/www.vet.ulpgc.es\/la-facultad\/junta-de-facultad-comisiones-y-normativa-propia\/junta-de-facultad\/comision-de-laboratorios\/"]}]},{"@type":"BreadcrumbList","@id":"https:\/\/www.vet.ulpgc.es\/la-facultad\/junta-de-facultad-comisiones-y-normativa-propia\/junta-de-facultad\/comision-de-laboratorios\/#breadcrumb","itemListElement":[{"@type":"ListItem","position":1,"name":"Inicio","item":"https:\/\/www.vet.ulpgc.es\/"},{"@type":"ListItem","position":2,"name":"La Facultad","item":"https:\/\/www.vet.ulpgc.es\/la-facultad\/"},{"@type":"ListItem","position":3,"name":"Junta de Facultad, Comisiones y Normativa propia","item":"https:\/\/www.vet.ulpgc.es\/la-facultad\/junta-de-facultad-comisiones-y-normativa-propia\/"},{"@type":"ListItem","position":4,"name":"Junta de Facultad","item":"https:\/\/www.vet.ulpgc.es\/la-facultad\/junta-de-facultad-comisiones-y-normativa-propia\/junta-de-facultad\/"},{"@type":"ListItem","position":5,"name":"Comisi\u00f3n del Programa Mentor"}]},{"@type":"WebSite","@id":"https:\/\/www.vet.ulpgc.es\/#website","url":"https:\/\/www.vet.ulpgc.es\/","name":"Faculty of Veterinary Medicine - University of Las Palmas de Gran Canaria","description":"ULPGC","publisher":{"@id":"https:\/\/www.vet.ulpgc.es\/#organization"},"potentialAction":[{"@type":"SearchAction","target":{"@type":"EntryPoint","urlTemplate":"https:\/\/www.vet.ulpgc.es\/?s={search_term_string}"},"query-input":{"@type":"PropertyValueSpecification","valueRequired":true,"valueName":"search_term_string"}}],"inLanguage":"en-GB"},{"@type":"Organization","@id":"https:\/\/www.vet.ulpgc.es\/#organization","name":"ULPGC Faculty of Veterinary Medicine","alternateName":"Facultad de Veterinaria de Las Palmas","url":"https:\/\/www.vet.ulpgc.es\/","logo":{"@type":"ImageObject","inLanguage":"en-GB","@id":"https:\/\/www.vet.ulpgc.es\/#\/schema\/logo\/image\/","url":"","contentUrl":"","caption":"Facultad de Veterinaria ULPGC"},"image":{"@id":"https:\/\/www.vet.ulpgc.es\/#\/schema\/logo\/image\/"}},{"@type":"Person","@id":"https:\/\/www.vet.ulpgc.es\/#\/schema\/person\/d025fd34e26061d01a94416c6506a2d6","name":"Facultad Veterinaria","image":{"@type":"ImageObject","inLanguage":"en-GB","@id":"https:\/\/secure.gravatar.com\/avatar\/fa74362430e1b1b376c0b027c2757acdf7cc58d6cc45bd094b2c6bd1211821fa?s=96&d=mm&r=g","url":"https:\/\/secure.gravatar.com\/avatar\/fa74362430e1b1b376c0b027c2757acdf7cc58d6cc45bd094b2c6bd1211821fa?s=96&d=mm&r=g","contentUrl":"https:\/\/secure.gravatar.com\/avatar\/fa74362430e1b1b376c0b027c2757acdf7cc58d6cc45bd094b2c6bd1211821fa?s=96&d=mm&r=g","caption":"Facultad Veterinaria"},"sameAs":["https:\/\/fv.ulpgc.es"],"url":"https:\/\/www.vet.ulpgc.es\/en\/author\/facultad-veterinaria\/"}]}},"_links":{"self":[{"href":"https:\/\/www.vet.ulpgc.es\/en\/wp-json\/wp\/v2\/pages\/882","targetHints":{"allow":["GET"]}}],"collection":[{"href":"https:\/\/www.vet.ulpgc.es\/en\/wp-json\/wp\/v2\/pages"}],"about":[{"href":"https:\/\/www.vet.ulpgc.es\/en\/wp-json\/wp\/v2\/types\/page"}],"author":[{"embeddable":true,"href":"https:\/\/www.vet.ulpgc.es\/en\/wp-json\/wp\/v2\/users\/1"}],"replies":[{"embeddable":true,"href":"https:\/\/www.vet.ulpgc.es\/en\/wp-json\/wp\/v2\/comments?post=882"}],"version-history":[{"count":0,"href":"https:\/\/www.vet.ulpgc.es\/en\/wp-json\/wp\/v2\/pages\/882\/revisions"}],"up":[{"embeddable":true,"href":"https:\/\/www.vet.ulpgc.es\/en\/wp-json\/wp\/v2\/pages\/9563"}],"wp:attachment":[{"href":"https:\/\/www.vet.ulpgc.es\/en\/wp-json\/wp\/v2\/media?parent=882"}],"curies":[{"name":"wp","href":"https:\/\/api.w.org\/{rel}","templated":true}]}}