{"id":2060,"date":"2013-01-09T16:38:02","date_gmt":"2013-01-09T16:38:02","guid":{"rendered":"http:\/\/www.fv.ulpgc.es\/?page_id=2060"},"modified":"2024-09-11T12:17:30","modified_gmt":"2024-09-11T12:17:30","slug":"incidencias-academicas","status":"publish","type":"page","link":"https:\/\/www.vet.ulpgc.es\/en\/formacion\/incidencias-academicas\/","title":{"rendered":"academic incidents"},"content":{"rendered":"<div data-elementor-type=\"wp-page\" data-elementor-id=\"2060\" class=\"elementor elementor-2060\" data-elementor-post-type=\"page\">\n\t\t\t\t\t\t<section class=\"elementor-section elementor-top-section elementor-element elementor-element-391efce9 elementor-section-boxed elementor-section-height-default elementor-section-height-default\" data-id=\"391efce9\" data-element_type=\"section\" data-e-type=\"section\">\n\t\t\t\t\t\t<div class=\"elementor-container elementor-column-gap-default\">\n\t\t\t\t\t<div class=\"elementor-column elementor-col-100 elementor-top-column elementor-element elementor-element-20ebdfb8\" data-id=\"20ebdfb8\" data-element_type=\"column\" data-e-type=\"column\">\n\t\t\t<div class=\"elementor-widget-wrap elementor-element-populated\">\n\t\t\t\t\t\t<section class=\"elementor-section elementor-inner-section elementor-element elementor-element-718d1b9 elementor-section-boxed elementor-section-height-default elementor-section-height-default\" data-id=\"718d1b9\" data-element_type=\"section\" data-e-type=\"section\">\n\t\t\t\t\t\t<div class=\"elementor-container elementor-column-gap-default\">\n\t\t\t\t\t<div class=\"elementor-column elementor-col-66 elementor-inner-column elementor-element elementor-element-458a4bd\" data-id=\"458a4bd\" data-element_type=\"column\" data-e-type=\"column\">\n\t\t\t<div class=\"elementor-widget-wrap elementor-element-populated\">\n\t\t\t\t\t\t<div class=\"elementor-element elementor-element-de1cd09 elementor-widget elementor-widget-text-editor\" data-id=\"de1cd09\" data-element_type=\"widget\" data-e-type=\"widget\" data-widget_type=\"text-editor.default\">\n\t\t\t\t<div class=\"elementor-widget-container\">\n\t\t\t\t\t\t\t\t\t<p><strong>Definici\u00f3n de Incidencia Acad\u00e9mica<\/strong><\/p><p>La ULPGC, a trav\u00e9s de su <a title=\"Reglamento del Sistema de Quejas, Sugerencias y Felicitaciones de la ULPGC (Consejo de Gobierno de 17 de octubre de 2011) (BOULPGC de 3 de noviembre de 2011)\" href=\"http:\/\/www.ulpgc.es\/descargadirecta.php?codigo_archivo=7094880\">Reglamento del Sistema de Quejas, Sugerencias y Felicitaciones de la ULPGC (Consejo de Gobierno de 17 de octubre de 2011) (BOULPGC de 3 de noviembre de 2011)<\/a>, garantiza el proceso de tr\u00e1mite de todas las sugerencias generadas a cualquier nivel de la Instituci\u00f3n, particularmente sobre el funcionamiento, forma de prestaci\u00f3n, atenci\u00f3n recibida o calidad de los servicios prestados por la ULPGC.<\/p><p>Quedan excluidas expl\u00edcitamente de dicho reglamento aquellas quejas y sugerencias cuya resoluci\u00f3n deba ampararse en un procedimiento espec\u00edfico o en la normativa sobre la materia que est\u00e9 establecida en determinadas \u00e1reas de la ULPGC, constituyendo las incidencias acad\u00e9micas un cap\u00edtulo importante.<\/p><p>Por otro lado, la Facultad de Veterinaria, a trav\u00e9s del Decanato, debe definir qu\u00e9 se entiende por incidencia acad\u00e9mica y publicitar igualmente las v\u00edas de comunicaci\u00f3n de las mismas, con el fin de garantizar una correcta canalizaci\u00f3n de las incidencias que favorezca su adecuada resoluci\u00f3n.<\/p><p>Se define <strong>Incidencia acad\u00e9mica como el acontecimiento exclusivamente acad\u00e9mico que interfiere en el adecuado desarrollo de la docencia<\/strong>, afect\u00e1ndose el cumplimiento de alguno de los siguientes reglamentos de la ULPGC<\/p><ul><li><a title=\"Reglamento de Planificaci\u00f3n Acad\u00e9mica (Consejo de Gobierno de 2 de julio de 2010) (BOULPGC de 2 de julio de 2010)\" href=\"http:\/\/www.ulpgc.es\/descargadirecta.php?codigo_archivo=7080424\">Reglamentos de Planificaci\u00f3n Acad\u00e9mica<\/a><\/li><li><a href=\"https:\/\/www.ulpgc.es\/reglamentos\/reglamentos-tema\/36\">Reglamentos de Evaluaci\u00f3n.<\/a><\/li><li><a title=\"Reglamento de Pr\u00e1cticas Externas de la ULPGC (Consejo de Gobierno de 29 de junio de 2011) (BOULPGC 4 de julio de 2011)\" href=\"https:\/\/www.ulpgc.es\/reglamentos\/reglamentos-tema\/50\">Reglamento de Pr\u00e1cticas Externas<\/a><\/li><li><a title=\"Reglamento de Venia Docendi de la ULPGC (modificado por el Consejo de Gobierno de 25 de julio de 2011)(BOULPGC de 4 de agosto de 2011)\" href=\"https:\/\/www.ulpgc.es\/reglamentos\/reglamentos-tema\/63\">Reglamento de <em>Venia Docendi<\/em><\/a><\/li><li><a title=\"Reglamento para el Reconoc. Acad\u00e9mico de Cr\u00e9ditos por la participaci\u00f3n en Actividades Universitarias, Culturales, Deportivas, de Representaci\u00f3n Estudiantil, Solidarias (CdG 29-02-12) (BOULPGC 6-3-12). Texto modificado por CdG 15-10-12 (BOULPGC 6-11-12)\" href=\"https:\/\/www.ulpgc.es\/reglamentos\/reglamentos-tema\/55\">Reglamento para el Reconocimiento Acad\u00e9mico de Cr\u00e9ditos<\/a><\/li><li><a title=\"Reglamento General para la Realizaci\u00f3n y Evaluaci\u00f3n de Trabajos de Fin de T\u00edtulo. Aprobado por el Consejo de Gobierno de la ULPGC el 29 de junio de 2011 (BOULPGC de 4 de julio de 2011). Modificado por el Consejo de Gobierno de 15\/10\/12 (BOULPGC 5\/12\/12)\" href=\"https:\/\/www.ulpgc.es\/reglamentos\/reglamentos-tema\/61\">Reglamento General para la Realizaci\u00f3n y Evaluaci\u00f3n de Trabajos de Fin de T\u00edtulo.<\/a><\/li><\/ul><p>Todos estos reglamentos se encuentran publicados en la web de la ULPGC y se recomienda su consulta previamente a la comunicaci\u00f3n de la incidencia. Las comunicaciones de dichas incidencias acad\u00e9micas deben dirigirse al Decanato de la Facultad de Veterinaria mediante el documento que aparece a la derecha, presentando este documento en la administraci\u00f3n del centro. Asimismo, la representaci\u00f3n de alumnos (Delegaci\u00f3n de Estudiantes, Delegados de curso), pueden remitir estas incidencias acad\u00e9micas mediante correo electr\u00f3nico dirigido al\u00a0 Decanato.<\/p>\t\t\t\t\t\t\t\t<\/div>\n\t\t\t\t<\/div>\n\t\t\t\t\t<\/div>\n\t\t<\/div>\n\t\t\t\t<div class=\"elementor-column elementor-col-33 elementor-inner-column elementor-element elementor-element-95894c7\" data-id=\"95894c7\" data-element_type=\"column\" data-e-type=\"column\">\n\t\t\t<div class=\"elementor-widget-wrap elementor-element-populated\">\n\t\t\t\t\t\t<div class=\"elementor-element elementor-element-55e5b22 elementor-widget elementor-widget-text-editor\" data-id=\"55e5b22\" data-element_type=\"widget\" data-e-type=\"widget\" data-widget_type=\"text-editor.default\">\n\t\t\t\t<div class=\"elementor-widget-container\">\n\t\t\t\t\t\t\t\t\t<p style=\"text-align: center;\"><a href=\"https:\/\/fv.ulpgc.es\/wp-content\/uploads\/2023\/04\/impreso-incidencias-academicas-FV-1.pdf\" target=\"_blank\" rel=\"noopener\"><img fetchpriority=\"high\" decoding=\"async\" class=\"wp-image-9384 size-medium aligncenter\" title=\"imagen impreso incidencias\" src=\"https:\/\/www.fv.ulpgc.es\/wp-content\/uploads\/2023\/04\/impreso-incidencias-academicas-FV-1-pdf-212x300.jpg\" alt=\"\" width=\"212\" height=\"300\" \/><br \/>Impreso Incidencias Academicas<\/a><\/p>\t\t\t\t\t\t\t\t<\/div>\n\t\t\t\t<\/div>\n\t\t\t\t\t<\/div>\n\t\t<\/div>\n\t\t\t\t\t<\/div>\n\t\t<\/section>\n\t\t\t\t<div class=\"elementor-element elementor-element-4e1797d elementor-widget elementor-widget-spacer\" data-id=\"4e1797d\" data-element_type=\"widget\" data-e-type=\"widget\" data-widget_type=\"spacer.default\">\n\t\t\t\t<div class=\"elementor-widget-container\">\n\t\t\t\t\t\t\t<div class=\"elementor-spacer\">\n\t\t\t<div class=\"elementor-spacer-inner\"><\/div>\n\t\t<\/div>\n\t\t\t\t\t\t<\/div>\n\t\t\t\t<\/div>\n\t\t\t\t\t<\/div>\n\t\t<\/div>\n\t\t\t\t\t<\/div>\n\t\t<\/section>\n\t\t\t\t<\/div>","protected":false},"excerpt":{"rendered":"<p>Definici\u00f3n de Incidencia Acad\u00e9mica La ULPGC, a trav\u00e9s de su Reglamento del Sistema de Quejas, Sugerencias y Felicitaciones de la ULPGC (Consejo de Gobierno de 17 de octubre de 2011) (BOULPGC de 3 de noviembre de 2011), garantiza el proceso de tr\u00e1mite de todas las sugerencias generadas a cualquier nivel de la Instituci\u00f3n, particularmente sobre&hellip;&nbsp;<\/p>\n<div class=\"read-more-wrapper\"><a href=\"https:\/\/www.vet.ulpgc.es\/en\/formacion\/incidencias-academicas\/\" class=\"button button-primary\" rel=\"bookmark\">Read More &raquo;<span class=\"screen-reader-text\">academic incidents<\/span><\/a><\/div>","protected":false},"author":1,"featured_media":0,"parent":97,"menu_order":8,"comment_status":"closed","ping_status":"closed","template":"","meta":{"neve_meta_sidebar":"","neve_meta_container":"","neve_meta_enable_content_width":"off","neve_meta_content_width":100,"neve_meta_title_alignment":"","neve_meta_author_avatar":"","neve_post_elements_order":"","neve_meta_disable_header":"","neve_meta_disable_footer":"","neve_meta_disable_title":"","neve_meta_reading_time":"","footnotes":""},"class_list":["post-2060","page","type-page","status-publish","hentry"],"yoast_head":"<!-- This site is optimized with the Yoast SEO plugin v27.2 - https:\/\/yoast.com\/product\/yoast-seo-wordpress\/ -->\n<title>Incidencias acad\u00e9micas - Facultad de Veterinaria - Universidad de Las Palmas de Gran Canaria<\/title>\n<meta name=\"description\" content=\"Incidencias acad\u00e9micas en la Facultad de Veterinaria de la Universidad de Las Palmas. Tr\u00e1mite de las sugerencias generadas a cualquier nivel.\" \/>\n<meta name=\"robots\" content=\"index, follow, max-snippet:-1, max-image-preview:large, max-video-preview:-1\" \/>\n<link rel=\"canonical\" href=\"https:\/\/www.vet.ulpgc.es\/en\/formacion\/incidencias-academicas\/\" \/>\n<meta property=\"og:locale\" content=\"en_GB\" \/>\n<meta property=\"og:type\" content=\"article\" \/>\n<meta property=\"og:title\" content=\"Incidencias acad\u00e9micas - Facultad de Veterinaria - Universidad de Las Palmas de Gran Canaria\" \/>\n<meta property=\"og:description\" content=\"Incidencias acad\u00e9micas en la Facultad de Veterinaria de la Universidad de Las Palmas. Tr\u00e1mite de las sugerencias generadas a cualquier nivel.\" \/>\n<meta property=\"og:url\" content=\"https:\/\/www.vet.ulpgc.es\/en\/formacion\/incidencias-academicas\/\" \/>\n<meta property=\"og:site_name\" content=\"Facultad de Veterinaria - Universidad de Las Palmas de Gran Canaria\" \/>\n<meta property=\"article:modified_time\" content=\"2024-09-11T12:17:30+00:00\" \/>\n<meta property=\"og:image\" content=\"https:\/\/www.fv.ulpgc.es\/wp-content\/uploads\/2023\/04\/impreso-incidencias-academicas-FV-1-pdf-212x300.jpg\" \/>\n<meta name=\"twitter:card\" content=\"summary_large_image\" \/>\n<meta name=\"twitter:label1\" content=\"Estimated reading time\" \/>\n\t<meta name=\"twitter:data1\" content=\"2 minutes\" \/>\n<script type=\"application\/ld+json\" class=\"yoast-schema-graph\">{\"@context\":\"https:\/\/schema.org\",\"@graph\":[{\"@type\":\"ScholarlyArticle\",\"@id\":\"https:\/\/www.vet.ulpgc.es\/formacion\/incidencias-academicas\/#article\",\"isPartOf\":{\"@id\":\"https:\/\/www.vet.ulpgc.es\/formacion\/incidencias-academicas\/\"},\"author\":{\"name\":\"Facultad Veterinaria\",\"@id\":\"https:\/\/www.vet.ulpgc.es\/#\/schema\/person\/d025fd34e26061d01a94416c6506a2d6\"},\"headline\":\"Incidencias acad\u00e9micas\",\"datePublished\":\"2013-01-09T16:38:02+00:00\",\"dateModified\":\"2024-09-11T12:17:30+00:00\",\"mainEntityOfPage\":{\"@id\":\"https:\/\/www.vet.ulpgc.es\/formacion\/incidencias-academicas\/\"},\"wordCount\":338,\"publisher\":{\"@id\":\"https:\/\/www.vet.ulpgc.es\/#organization\"},\"image\":{\"@id\":\"https:\/\/www.vet.ulpgc.es\/formacion\/incidencias-academicas\/#primaryimage\"},\"thumbnailUrl\":\"https:\/\/www.fv.ulpgc.es\/wp-content\/uploads\/2023\/04\/impreso-incidencias-academicas-FV-1-pdf-212x300.jpg\",\"inLanguage\":\"en-GB\"},{\"@type\":\"WebPage\",\"@id\":\"https:\/\/www.vet.ulpgc.es\/formacion\/incidencias-academicas\/\",\"url\":\"https:\/\/www.vet.ulpgc.es\/formacion\/incidencias-academicas\/\",\"name\":\"Incidencias acad\u00e9micas - Facultad de Veterinaria - Universidad de Las Palmas de Gran Canaria\",\"isPartOf\":{\"@id\":\"https:\/\/www.vet.ulpgc.es\/#website\"},\"primaryImageOfPage\":{\"@id\":\"https:\/\/www.vet.ulpgc.es\/formacion\/incidencias-academicas\/#primaryimage\"},\"image\":{\"@id\":\"https:\/\/www.vet.ulpgc.es\/formacion\/incidencias-academicas\/#primaryimage\"},\"thumbnailUrl\":\"https:\/\/www.fv.ulpgc.es\/wp-content\/uploads\/2023\/04\/impreso-incidencias-academicas-FV-1-pdf-212x300.jpg\",\"datePublished\":\"2013-01-09T16:38:02+00:00\",\"dateModified\":\"2024-09-11T12:17:30+00:00\",\"description\":\"Incidencias acad\u00e9micas en la Facultad de Veterinaria de la Universidad de Las Palmas. Tr\u00e1mite de las sugerencias generadas a cualquier nivel.\",\"breadcrumb\":{\"@id\":\"https:\/\/www.vet.ulpgc.es\/formacion\/incidencias-academicas\/#breadcrumb\"},\"inLanguage\":\"en-GB\",\"potentialAction\":[{\"@type\":\"ReadAction\",\"target\":[\"https:\/\/www.vet.ulpgc.es\/formacion\/incidencias-academicas\/\"]}]},{\"@type\":\"ImageObject\",\"inLanguage\":\"en-GB\",\"@id\":\"https:\/\/www.vet.ulpgc.es\/formacion\/incidencias-academicas\/#primaryimage\",\"url\":\"https:\/\/www.fv.ulpgc.es\/wp-content\/uploads\/2023\/04\/impreso-incidencias-academicas-FV-1-pdf-212x300.jpg\",\"contentUrl\":\"https:\/\/www.fv.ulpgc.es\/wp-content\/uploads\/2023\/04\/impreso-incidencias-academicas-FV-1-pdf-212x300.jpg\"},{\"@type\":\"BreadcrumbList\",\"@id\":\"https:\/\/www.vet.ulpgc.es\/formacion\/incidencias-academicas\/#breadcrumb\",\"itemListElement\":[{\"@type\":\"ListItem\",\"position\":1,\"name\":\"Inicio\",\"item\":\"https:\/\/www.vet.ulpgc.es\/\"},{\"@type\":\"ListItem\",\"position\":2,\"name\":\"Formaci\u00f3n\",\"item\":\"https:\/\/www.vet.ulpgc.es\/formacion\/\"},{\"@type\":\"ListItem\",\"position\":3,\"name\":\"Incidencias acad\u00e9micas\"}]},{\"@type\":\"WebSite\",\"@id\":\"https:\/\/www.vet.ulpgc.es\/#website\",\"url\":\"https:\/\/www.vet.ulpgc.es\/\",\"name\":\"Facultad de Veterinaria - Universidad de Las Palmas de Gran Canaria\",\"description\":\"ULPGC\",\"publisher\":{\"@id\":\"https:\/\/www.vet.ulpgc.es\/#organization\"},\"potentialAction\":[{\"@type\":\"SearchAction\",\"target\":{\"@type\":\"EntryPoint\",\"urlTemplate\":\"https:\/\/www.vet.ulpgc.es\/?s={search_term_string}\"},\"query-input\":{\"@type\":\"PropertyValueSpecification\",\"valueRequired\":true,\"valueName\":\"search_term_string\"}}],\"inLanguage\":\"en-GB\"},{\"@type\":\"Organization\",\"@id\":\"https:\/\/www.vet.ulpgc.es\/#organization\",\"name\":\"Facultad de Veterinaria ULPGC\",\"alternateName\":\"Facultad de Veterinaria de Las Palmas\",\"url\":\"https:\/\/www.vet.ulpgc.es\/\",\"logo\":{\"@type\":\"ImageObject\",\"inLanguage\":\"en-GB\",\"@id\":\"https:\/\/www.vet.ulpgc.es\/#\/schema\/logo\/image\/\",\"url\":\"\",\"contentUrl\":\"\",\"caption\":\"Facultad de Veterinaria ULPGC\"},\"image\":{\"@id\":\"https:\/\/www.vet.ulpgc.es\/#\/schema\/logo\/image\/\"}},{\"@type\":\"Person\",\"@id\":\"https:\/\/www.vet.ulpgc.es\/#\/schema\/person\/d025fd34e26061d01a94416c6506a2d6\",\"name\":\"Facultad Veterinaria\",\"image\":{\"@type\":\"ImageObject\",\"inLanguage\":\"en-GB\",\"@id\":\"https:\/\/secure.gravatar.com\/avatar\/fa74362430e1b1b376c0b027c2757acdf7cc58d6cc45bd094b2c6bd1211821fa?s=96&d=mm&r=g\",\"url\":\"https:\/\/secure.gravatar.com\/avatar\/fa74362430e1b1b376c0b027c2757acdf7cc58d6cc45bd094b2c6bd1211821fa?s=96&d=mm&r=g\",\"contentUrl\":\"https:\/\/secure.gravatar.com\/avatar\/fa74362430e1b1b376c0b027c2757acdf7cc58d6cc45bd094b2c6bd1211821fa?s=96&d=mm&r=g\",\"caption\":\"Facultad Veterinaria\"},\"sameAs\":[\"https:\/\/fv.ulpgc.es\"],\"url\":\"https:\/\/www.vet.ulpgc.es\/en\/author\/facultad-veterinaria\/\"}]}<\/script>\n<!-- \/ Yoast SEO plugin. -->","yoast_head_json":{"title":"Incidencias acad\u00e9micas - Facultad de Veterinaria - Universidad de Las Palmas de Gran Canaria","description":"Incidencias acad\u00e9micas en la Facultad de Veterinaria de la Universidad de Las Palmas. Tr\u00e1mite de las sugerencias generadas a cualquier nivel.","robots":{"index":"index","follow":"follow","max-snippet":"max-snippet:-1","max-image-preview":"max-image-preview:large","max-video-preview":"max-video-preview:-1"},"canonical":"https:\/\/www.vet.ulpgc.es\/en\/formacion\/incidencias-academicas\/","og_locale":"en_GB","og_type":"article","og_title":"Incidencias acad\u00e9micas - Facultad de Veterinaria - Universidad de Las Palmas de Gran Canaria","og_description":"Incidencias acad\u00e9micas en la Facultad de Veterinaria de la Universidad de Las Palmas. Tr\u00e1mite de las sugerencias generadas a cualquier nivel.","og_url":"https:\/\/www.vet.ulpgc.es\/en\/formacion\/incidencias-academicas\/","og_site_name":"Facultad de Veterinaria - Universidad de Las Palmas de Gran Canaria","article_modified_time":"2024-09-11T12:17:30+00:00","og_image":[{"url":"https:\/\/www.fv.ulpgc.es\/wp-content\/uploads\/2023\/04\/impreso-incidencias-academicas-FV-1-pdf-212x300.jpg","type":"","width":"","height":""}],"twitter_card":"summary_large_image","twitter_misc":{"Estimated reading time":"2 minutes"},"schema":{"@context":"https:\/\/schema.org","@graph":[{"@type":"ScholarlyArticle","@id":"https:\/\/www.vet.ulpgc.es\/formacion\/incidencias-academicas\/#article","isPartOf":{"@id":"https:\/\/www.vet.ulpgc.es\/formacion\/incidencias-academicas\/"},"author":{"name":"Facultad Veterinaria","@id":"https:\/\/www.vet.ulpgc.es\/#\/schema\/person\/d025fd34e26061d01a94416c6506a2d6"},"headline":"Incidencias acad\u00e9micas","datePublished":"2013-01-09T16:38:02+00:00","dateModified":"2024-09-11T12:17:30+00:00","mainEntityOfPage":{"@id":"https:\/\/www.vet.ulpgc.es\/formacion\/incidencias-academicas\/"},"wordCount":338,"publisher":{"@id":"https:\/\/www.vet.ulpgc.es\/#organization"},"image":{"@id":"https:\/\/www.vet.ulpgc.es\/formacion\/incidencias-academicas\/#primaryimage"},"thumbnailUrl":"https:\/\/www.fv.ulpgc.es\/wp-content\/uploads\/2023\/04\/impreso-incidencias-academicas-FV-1-pdf-212x300.jpg","inLanguage":"en-GB"},{"@type":"WebPage","@id":"https:\/\/www.vet.ulpgc.es\/formacion\/incidencias-academicas\/","url":"https:\/\/www.vet.ulpgc.es\/formacion\/incidencias-academicas\/","name":"Incidencias acad\u00e9micas - Facultad de Veterinaria - Universidad de Las Palmas de Gran Canaria","isPartOf":{"@id":"https:\/\/www.vet.ulpgc.es\/#website"},"primaryImageOfPage":{"@id":"https:\/\/www.vet.ulpgc.es\/formacion\/incidencias-academicas\/#primaryimage"},"image":{"@id":"https:\/\/www.vet.ulpgc.es\/formacion\/incidencias-academicas\/#primaryimage"},"thumbnailUrl":"https:\/\/www.fv.ulpgc.es\/wp-content\/uploads\/2023\/04\/impreso-incidencias-academicas-FV-1-pdf-212x300.jpg","datePublished":"2013-01-09T16:38:02+00:00","dateModified":"2024-09-11T12:17:30+00:00","description":"Incidencias acad\u00e9micas en la Facultad de Veterinaria de la Universidad de Las Palmas. Tr\u00e1mite de las sugerencias generadas a cualquier nivel.","breadcrumb":{"@id":"https:\/\/www.vet.ulpgc.es\/formacion\/incidencias-academicas\/#breadcrumb"},"inLanguage":"en-GB","potentialAction":[{"@type":"ReadAction","target":["https:\/\/www.vet.ulpgc.es\/formacion\/incidencias-academicas\/"]}]},{"@type":"ImageObject","inLanguage":"en-GB","@id":"https:\/\/www.vet.ulpgc.es\/formacion\/incidencias-academicas\/#primaryimage","url":"https:\/\/www.fv.ulpgc.es\/wp-content\/uploads\/2023\/04\/impreso-incidencias-academicas-FV-1-pdf-212x300.jpg","contentUrl":"https:\/\/www.fv.ulpgc.es\/wp-content\/uploads\/2023\/04\/impreso-incidencias-academicas-FV-1-pdf-212x300.jpg"},{"@type":"BreadcrumbList","@id":"https:\/\/www.vet.ulpgc.es\/formacion\/incidencias-academicas\/#breadcrumb","itemListElement":[{"@type":"ListItem","position":1,"name":"Inicio","item":"https:\/\/www.vet.ulpgc.es\/"},{"@type":"ListItem","position":2,"name":"Formaci\u00f3n","item":"https:\/\/www.vet.ulpgc.es\/formacion\/"},{"@type":"ListItem","position":3,"name":"Incidencias acad\u00e9micas"}]},{"@type":"WebSite","@id":"https:\/\/www.vet.ulpgc.es\/#website","url":"https:\/\/www.vet.ulpgc.es\/","name":"Faculty of Veterinary Medicine - University of Las Palmas de Gran Canaria","description":"ULPGC","publisher":{"@id":"https:\/\/www.vet.ulpgc.es\/#organization"},"potentialAction":[{"@type":"SearchAction","target":{"@type":"EntryPoint","urlTemplate":"https:\/\/www.vet.ulpgc.es\/?s={search_term_string}"},"query-input":{"@type":"PropertyValueSpecification","valueRequired":true,"valueName":"search_term_string"}}],"inLanguage":"en-GB"},{"@type":"Organization","@id":"https:\/\/www.vet.ulpgc.es\/#organization","name":"ULPGC Faculty of Veterinary Medicine","alternateName":"Facultad de Veterinaria de Las Palmas","url":"https:\/\/www.vet.ulpgc.es\/","logo":{"@type":"ImageObject","inLanguage":"en-GB","@id":"https:\/\/www.vet.ulpgc.es\/#\/schema\/logo\/image\/","url":"","contentUrl":"","caption":"Facultad de Veterinaria ULPGC"},"image":{"@id":"https:\/\/www.vet.ulpgc.es\/#\/schema\/logo\/image\/"}},{"@type":"Person","@id":"https:\/\/www.vet.ulpgc.es\/#\/schema\/person\/d025fd34e26061d01a94416c6506a2d6","name":"Facultad Veterinaria","image":{"@type":"ImageObject","inLanguage":"en-GB","@id":"https:\/\/secure.gravatar.com\/avatar\/fa74362430e1b1b376c0b027c2757acdf7cc58d6cc45bd094b2c6bd1211821fa?s=96&d=mm&r=g","url":"https:\/\/secure.gravatar.com\/avatar\/fa74362430e1b1b376c0b027c2757acdf7cc58d6cc45bd094b2c6bd1211821fa?s=96&d=mm&r=g","contentUrl":"https:\/\/secure.gravatar.com\/avatar\/fa74362430e1b1b376c0b027c2757acdf7cc58d6cc45bd094b2c6bd1211821fa?s=96&d=mm&r=g","caption":"Facultad Veterinaria"},"sameAs":["https:\/\/fv.ulpgc.es"],"url":"https:\/\/www.vet.ulpgc.es\/en\/author\/facultad-veterinaria\/"}]}},"_links":{"self":[{"href":"https:\/\/www.vet.ulpgc.es\/en\/wp-json\/wp\/v2\/pages\/2060","targetHints":{"allow":["GET"]}}],"collection":[{"href":"https:\/\/www.vet.ulpgc.es\/en\/wp-json\/wp\/v2\/pages"}],"about":[{"href":"https:\/\/www.vet.ulpgc.es\/en\/wp-json\/wp\/v2\/types\/page"}],"author":[{"embeddable":true,"href":"https:\/\/www.vet.ulpgc.es\/en\/wp-json\/wp\/v2\/users\/1"}],"replies":[{"embeddable":true,"href":"https:\/\/www.vet.ulpgc.es\/en\/wp-json\/wp\/v2\/comments?post=2060"}],"version-history":[{"count":0,"href":"https:\/\/www.vet.ulpgc.es\/en\/wp-json\/wp\/v2\/pages\/2060\/revisions"}],"up":[{"embeddable":true,"href":"https:\/\/www.vet.ulpgc.es\/en\/wp-json\/wp\/v2\/pages\/97"}],"wp:attachment":[{"href":"https:\/\/www.vet.ulpgc.es\/en\/wp-json\/wp\/v2\/media?parent=2060"}],"curies":[{"name":"wp","href":"https:\/\/api.w.org\/{rel}","templated":true}]}}