{"id":1914,"date":"2012-10-31T14:20:59","date_gmt":"2012-10-31T14:20:59","guid":{"rendered":"http:\/\/www.fv.ulpgc.es\/?page_id=1914"},"modified":"2023-10-02T16:18:13","modified_gmt":"2023-10-02T16:18:13","slug":"administracion","status":"publish","type":"page","link":"https:\/\/www.vet.ulpgc.es\/en\/la-facultad\/administracion\/","title":{"rendered":"Administration and Veterinary Library"},"content":{"rendered":"<div data-elementor-type=\"wp-page\" data-elementor-id=\"1914\" class=\"elementor elementor-1914\" data-elementor-post-type=\"page\">\n\t\t\t\t\t\t<section class=\"elementor-section elementor-top-section elementor-element elementor-element-15d57b02 elementor-section-boxed elementor-section-height-default elementor-section-height-default\" data-id=\"15d57b02\" data-element_type=\"section\" data-e-type=\"section\">\n\t\t\t\t\t\t<div class=\"elementor-container elementor-column-gap-default\">\n\t\t\t\t\t<div class=\"elementor-column elementor-col-100 elementor-top-column elementor-element elementor-element-63069503\" data-id=\"63069503\" data-element_type=\"column\" data-e-type=\"column\">\n\t\t\t<div class=\"elementor-widget-wrap elementor-element-populated\">\n\t\t\t\t\t\t<div class=\"elementor-element elementor-element-f644039 elementor-cta--layout-image-above elementor-cta--skin-classic elementor-animated-content elementor-widget elementor-widget-call-to-action\" data-id=\"f644039\" data-element_type=\"widget\" data-e-type=\"widget\" data-widget_type=\"call-to-action.default\">\n\t\t\t\t<div class=\"elementor-widget-container\">\n\t\t\t\t\t\t\t<div class=\"elementor-cta\">\n\t\t\t\t\t<div class=\"elementor-cta__bg-wrapper\">\n\t\t\t\t<div class=\"elementor-cta__bg elementor-bg\" style=\"background-image: url(https:\/\/www.vet.ulpgc.es\/wp-content\/uploads\/2023\/06\/Biblioteca-Veterinaria-exterior.webp);\" role=\"img\" aria-label=\"Outdoor Veterinary Library\"><\/div>\n\t\t\t\t<div class=\"elementor-cta__bg-overlay\"><\/div>\n\t\t\t<\/div>\n\t\t\t\t\t\t\t<div class=\"elementor-cta__content\">\n\t\t\t\t\n\t\t\t\t\t\t\t\t\t<h2 class=\"elementor-cta__title elementor-cta__content-item elementor-content-item\">\n\t\t\t\t\t\tVeterinary building\t\t\t\t\t<\/h2>\n\t\t\t\t\n\t\t\t\t\t\t\t\t\t<div class=\"elementor-cta__description elementor-cta__content-item elementor-content-item\">\n\t\t\t\t\t\tThe Faculty has an administrator who, acting by delegation of the Manager, is responsible for coordinating, supervising and executing the administrative and economic management; assumes the functional leadership of all assigned administration and services personnel and provides the dean with adequate administrative support.\t\t\t\t\t<\/div>\n\t\t\t\t\n\t\t\t\t\t\t\t\t\t<div class=\"elementor-cta__button-wrapper elementor-cta__content-item elementor-content-item\">\n\t\t\t\t\t<a class=\"elementor-cta__button elementor-button elementor-size-\" href=\"\/wp-content\/uploads\/2022\/04\/Informe-seguimiento-del-ano-2020-Veterinaria.pdf\" target=\"_blank\" rel=\"Carta\" title=\"Letter\">\n\t\t\t\t\t\tService Charter\t\t\t\t\t<\/a>\n\t\t\t\t\t<\/div>\n\t\t\t\t\t\t\t<\/div>\n\t\t\t\t\t\t<\/div>\n\t\t\t\t\t\t<\/div>\n\t\t\t\t<\/div>\n\t\t\t\t<div class=\"elementor-element elementor-element-9ffcd3a elementor-cta--layout-image-above elementor-cta--skin-classic elementor-animated-content elementor-widget elementor-widget-call-to-action\" data-id=\"9ffcd3a\" data-element_type=\"widget\" data-e-type=\"widget\" data-widget_type=\"call-to-action.default\">\n\t\t\t\t<div class=\"elementor-widget-container\">\n\t\t\t\t\t\t\t<div class=\"elementor-cta\">\n\t\t\t\t\t<div class=\"elementor-cta__bg-wrapper\">\n\t\t\t\t<div class=\"elementor-cta__bg elementor-bg\" style=\"background-image: url(https:\/\/www.vet.ulpgc.es\/wp-content\/uploads\/2012\/02\/biblioteca.jpg);\" role=\"img\" aria-label=\"Image library slider\"><\/div>\n\t\t\t\t<div class=\"elementor-cta__bg-overlay\"><\/div>\n\t\t\t<\/div>\n\t\t\t\t\t\t\t<div class=\"elementor-cta__content\">\n\t\t\t\t\n\t\t\t\t\t\t\t\t\t<h2 class=\"elementor-cta__title elementor-cta__content-item elementor-content-item\">\n\t\t\t\t\t\tVeterinary Library\t\t\t\t\t<\/h2>\n\t\t\t\t\n\t\t\t\t\t\t\t\t\t<div class=\"elementor-cta__description elementor-cta__content-item elementor-content-item\">\n\t\t\t\t\t\tLikewise, the Faculty has a thematic library, dependent on the University Library.\t\t\t\t\t<\/div>\n\t\t\t\t\n\t\t\t\t\t\t\t\t\t<div class=\"elementor-cta__button-wrapper elementor-cta__content-item elementor-content-item\">\n\t\t\t\t\t<a class=\"elementor-cta__button elementor-button elementor-size-\" href=\"https:\/\/biblioteca.ulpgc.es\/vet\" target=\"_blank\" rel=\"Biblioteca\" title=\"Library\">\n\t\t\t\t\t\tUniversity Library\t\t\t\t\t<\/a>\n\t\t\t\t\t<\/div>\n\t\t\t\t\t\t\t<\/div>\n\t\t\t\t\t\t<\/div>\n\t\t\t\t\t\t<\/div>\n\t\t\t\t<\/div>\n\t\t\t\t<section class=\"elementor-section elementor-inner-section elementor-element elementor-element-90f4d7b elementor-section-boxed elementor-section-height-default elementor-section-height-default\" data-id=\"90f4d7b\" data-element_type=\"section\" data-e-type=\"section\">\n\t\t\t\t\t\t<div class=\"elementor-container elementor-column-gap-default\">\n\t\t\t\t\t<div class=\"elementor-column elementor-col-50 elementor-inner-column elementor-element elementor-element-0b2f6c9\" data-id=\"0b2f6c9\" data-element_type=\"column\" data-e-type=\"column\">\n\t\t\t<div class=\"elementor-widget-wrap elementor-element-populated\">\n\t\t\t\t\t\t<div class=\"elementor-element elementor-element-c8b6849 elementor-widget elementor-widget-heading\" data-id=\"c8b6849\" data-element_type=\"widget\" data-e-type=\"widget\" data-widget_type=\"heading.default\">\n\t\t\t\t<div class=\"elementor-widget-container\">\n\t\t\t\t\t<h2 class=\"elementor-heading-title elementor-size-default\">Administration<\/h2>\t\t\t\t<\/div>\n\t\t\t\t<\/div>\n\t\t\t\t<div class=\"elementor-element elementor-element-b01d851 elementor-widget elementor-widget-image\" data-id=\"b01d851\" data-element_type=\"widget\" data-e-type=\"widget\" data-widget_type=\"image.default\">\n\t\t\t\t<div class=\"elementor-widget-container\">\n\t\t\t\t\t\t\t\t\t\t\t\t\t\t\t<img decoding=\"async\" width=\"190\" height=\"121\" src=\"https:\/\/www.vet.ulpgc.es\/wp-content\/uploads\/2012\/02\/dpto_administracion.jpg\" class=\"attachment-large size-large wp-image-89\" alt=\"Administraci\u00f3n Facultad Veterinaria\" srcset=\"https:\/\/www.vet.ulpgc.es\/wp-content\/uploads\/2012\/02\/dpto_administracion.jpg 190w, https:\/\/www.vet.ulpgc.es\/wp-content\/uploads\/2012\/02\/dpto_administracion-18x12.jpg 18w\" sizes=\"(max-width: 190px) 100vw, 190px\" \/>\t\t\t\t\t\t\t\t\t\t\t\t\t\t\t<\/div>\n\t\t\t\t<\/div>\n\t\t\t\t<div class=\"elementor-element elementor-element-6626324 elementor-align-center elementor-icon-list--layout-traditional elementor-list-item-link-full_width elementor-widget elementor-widget-icon-list\" data-id=\"6626324\" data-element_type=\"widget\" data-e-type=\"widget\" data-widget_type=\"icon-list.default\">\n\t\t\t\t<div class=\"elementor-widget-container\">\n\t\t\t\t\t\t\t<ul class=\"elementor-icon-list-items\">\n\t\t\t\t\t\t\t<li class=\"elementor-icon-list-item\">\n\t\t\t\t\t\t\t\t\t\t\t<a href=\"mailto:adm_ev@ulpgc.es\" target=\"_blank\" rel=\"email\">\n\n\t\t\t\t\t\t\t\t\t\t\t\t<span class=\"elementor-icon-list-icon\">\n\t\t\t\t\t\t\t<i aria-hidden=\"true\" class=\"icon icon-envelope\"><\/i>\t\t\t\t\t\t<\/span>\n\t\t\t\t\t\t\t\t\t\t<span class=\"elementor-icon-list-text\">Send email<\/span>\n\t\t\t\t\t\t\t\t\t\t\t<\/a>\n\t\t\t\t\t\t\t\t\t<\/li>\n\t\t\t\t\t\t\t\t<li class=\"elementor-icon-list-item\">\n\t\t\t\t\t\t\t\t\t\t\t<a href=\"tel:928451100\">\n\n\t\t\t\t\t\t\t\t\t\t\t\t<span class=\"elementor-icon-list-icon\">\n\t\t\t\t\t\t\t<i aria-hidden=\"true\" class=\"icon icon-phone\"><\/i>\t\t\t\t\t\t<\/span>\n\t\t\t\t\t\t\t\t\t\t<span class=\"elementor-icon-list-text\">928 451 100<\/span>\n\t\t\t\t\t\t\t\t\t\t\t<\/a>\n\t\t\t\t\t\t\t\t\t<\/li>\n\t\t\t\t\t\t\t\t<li class=\"elementor-icon-list-item\">\n\t\t\t\t\t\t\t\t\t\t\t<a href=\"tel:928454337\">\n\n\t\t\t\t\t\t\t\t\t\t\t\t<span class=\"elementor-icon-list-icon\">\n\t\t\t\t\t\t\t<i aria-hidden=\"true\" class=\"icon icon-phone\"><\/i>\t\t\t\t\t\t<\/span>\n\t\t\t\t\t\t\t\t\t\t<span class=\"elementor-icon-list-text\">928 454 337<\/span>\n\t\t\t\t\t\t\t\t\t\t\t<\/a>\n\t\t\t\t\t\t\t\t\t<\/li>\n\t\t\t\t\t\t<\/ul>\n\t\t\t\t\t\t<\/div>\n\t\t\t\t<\/div>\n\t\t\t\t\t<\/div>\n\t\t<\/div>\n\t\t\t\t<div class=\"elementor-column elementor-col-50 elementor-inner-column elementor-element elementor-element-22a05e8\" data-id=\"22a05e8\" data-element_type=\"column\" data-e-type=\"column\">\n\t\t\t<div class=\"elementor-widget-wrap elementor-element-populated\">\n\t\t\t\t\t\t<div class=\"elementor-element elementor-element-87b669e elementor-widget elementor-widget-heading\" data-id=\"87b669e\" data-element_type=\"widget\" data-e-type=\"widget\" data-widget_type=\"heading.default\">\n\t\t\t\t<div class=\"elementor-widget-container\">\n\t\t\t\t\t<h2 class=\"elementor-heading-title elementor-size-default\">Library<\/h2>\t\t\t\t<\/div>\n\t\t\t\t<\/div>\n\t\t\t\t<div class=\"elementor-element elementor-element-a469055 elementor-widget elementor-widget-image\" data-id=\"a469055\" data-element_type=\"widget\" data-e-type=\"widget\" data-widget_type=\"image.default\">\n\t\t\t\t<div class=\"elementor-widget-container\">\n\t\t\t\t\t\t\t\t\t\t\t\t\t\t\t<img decoding=\"async\" width=\"190\" height=\"121\" src=\"https:\/\/www.vet.ulpgc.es\/wp-content\/uploads\/2012\/02\/dpto_biblioteca.jpg\" class=\"attachment-large size-large wp-image-88\" alt=\"Biblioteca Facultad Veterinaria\" srcset=\"https:\/\/www.vet.ulpgc.es\/wp-content\/uploads\/2012\/02\/dpto_biblioteca.jpg 190w, https:\/\/www.vet.ulpgc.es\/wp-content\/uploads\/2012\/02\/dpto_biblioteca-18x12.jpg 18w\" sizes=\"(max-width: 190px) 100vw, 190px\" \/>\t\t\t\t\t\t\t\t\t\t\t\t\t\t\t<\/div>\n\t\t\t\t<\/div>\n\t\t\t\t<div class=\"elementor-element elementor-element-5f57ec4 elementor-align-center elementor-icon-list--layout-traditional elementor-list-item-link-full_width elementor-widget elementor-widget-icon-list\" data-id=\"5f57ec4\" data-element_type=\"widget\" data-e-type=\"widget\" data-widget_type=\"icon-list.default\">\n\t\t\t\t<div class=\"elementor-widget-container\">\n\t\t\t\t\t\t\t<ul class=\"elementor-icon-list-items\">\n\t\t\t\t\t\t\t<li class=\"elementor-icon-list-item\">\n\t\t\t\t\t\t\t\t\t\t\t<a href=\"mailto:bu_ev@ulpgc.es\" target=\"_blank\" rel=\"email\">\n\n\t\t\t\t\t\t\t\t\t\t\t\t<span class=\"elementor-icon-list-icon\">\n\t\t\t\t\t\t\t<i aria-hidden=\"true\" class=\"icon icon-envelope\"><\/i>\t\t\t\t\t\t<\/span>\n\t\t\t\t\t\t\t\t\t\t<span class=\"elementor-icon-list-text\">Send email<\/span>\n\t\t\t\t\t\t\t\t\t\t\t<\/a>\n\t\t\t\t\t\t\t\t\t<\/li>\n\t\t\t\t\t\t\t\t<li class=\"elementor-icon-list-item\">\n\t\t\t\t\t\t\t\t\t\t\t<a href=\"tel:928458670\">\n\n\t\t\t\t\t\t\t\t\t\t\t\t<span class=\"elementor-icon-list-icon\">\n\t\t\t\t\t\t\t<i aria-hidden=\"true\" class=\"icon icon-phone\"><\/i>\t\t\t\t\t\t<\/span>\n\t\t\t\t\t\t\t\t\t\t<span class=\"elementor-icon-list-text\">928 458 670<\/span>\n\t\t\t\t\t\t\t\t\t\t\t<\/a>\n\t\t\t\t\t\t\t\t\t<\/li>\n\t\t\t\t\t\t\t\t<li class=\"elementor-icon-list-item\">\n\t\t\t\t\t\t\t\t\t\t\t<a href=\"tel:928451138\">\n\n\t\t\t\t\t\t\t\t\t\t\t\t<span class=\"elementor-icon-list-icon\">\n\t\t\t\t\t\t\t<i aria-hidden=\"true\" class=\"icon icon-phone\"><\/i>\t\t\t\t\t\t<\/span>\n\t\t\t\t\t\t\t\t\t\t<span class=\"elementor-icon-list-text\">928 451 138<\/span>\n\t\t\t\t\t\t\t\t\t\t\t<\/a>\n\t\t\t\t\t\t\t\t\t<\/li>\n\t\t\t\t\t\t<\/ul>\n\t\t\t\t\t\t<\/div>\n\t\t\t\t<\/div>\n\t\t\t\t\t<\/div>\n\t\t<\/div>\n\t\t\t\t\t<\/div>\n\t\t<\/section>\n\t\t\t\t<div class=\"elementor-element elementor-element-9db2d4c elementor-widget elementor-widget-spacer\" data-id=\"9db2d4c\" data-element_type=\"widget\" data-e-type=\"widget\" data-widget_type=\"spacer.default\">\n\t\t\t\t<div class=\"elementor-widget-container\">\n\t\t\t\t\t\t\t<div class=\"elementor-spacer\">\n\t\t\t<div class=\"elementor-spacer-inner\"><\/div>\n\t\t<\/div>\n\t\t\t\t\t\t<\/div>\n\t\t\t\t<\/div>\n\t\t\t\t\t<\/div>\n\t\t<\/div>\n\t\t\t\t\t<\/div>\n\t\t<\/section>\n\t\t\t\t<\/div>","protected":false},"excerpt":{"rendered":"<p>Edificio de Veterinaria La Facultad cuenta con una administradora que, actuando por delegaci\u00f3n del Gerente, es responsable de coordinar, supervisar y ejecutar la gesti\u00f3n administrativa y econ\u00f3mica; asume la jefatura funcional de todo el personal de administraci\u00f3n y servicios adscrito y provee al decano del soporte administrativo adecuado. Carta de Servicios Biblioteca de Veterinaria Asimismo,&hellip;&nbsp;<\/p>\n<div class=\"read-more-wrapper\"><a href=\"https:\/\/www.vet.ulpgc.es\/en\/la-facultad\/administracion\/\" class=\"button button-primary\" rel=\"bookmark\">Read More &raquo;<span class=\"screen-reader-text\">Administration and Veterinary Library<\/span><\/a><\/div>","protected":false},"author":1,"featured_media":0,"parent":30,"menu_order":5,"comment_status":"closed","ping_status":"closed","template":"","meta":{"neve_meta_sidebar":"","neve_meta_container":"","neve_meta_enable_content_width":"off","neve_meta_content_width":100,"neve_meta_title_alignment":"","neve_meta_author_avatar":"","neve_post_elements_order":"","neve_meta_disable_header":"","neve_meta_disable_footer":"","neve_meta_disable_title":"","neve_meta_reading_time":"","footnotes":""},"class_list":["post-1914","page","type-page","status-publish","hentry"],"yoast_head":"<!-- This site is optimized with the Yoast SEO plugin v27.2 - https:\/\/yoast.com\/product\/yoast-seo-wordpress\/ -->\n<title>Administraci\u00f3n y Biblioteca de Veterinaria - Facultad de Veterinaria - Universidad de Las Palmas de Gran Canaria<\/title>\n<meta name=\"description\" content=\"Administraci\u00f3n y Biblioteca de Veterinaria de la Universidad de Las Palmas de Gran Canaria. Coordinaci\u00f3n, gesti\u00f3n administrativa y econ\u00f3mica.\" \/>\n<meta name=\"robots\" content=\"index, follow, max-snippet:-1, max-image-preview:large, max-video-preview:-1\" \/>\n<link rel=\"canonical\" href=\"https:\/\/www.vet.ulpgc.es\/en\/la-facultad\/administracion\/\" \/>\n<meta property=\"og:locale\" content=\"en_GB\" \/>\n<meta property=\"og:type\" content=\"article\" \/>\n<meta property=\"og:title\" content=\"Administraci\u00f3n y Biblioteca de Veterinaria - Facultad de Veterinaria - Universidad de Las Palmas de Gran Canaria\" \/>\n<meta property=\"og:description\" content=\"Administraci\u00f3n y Biblioteca de Veterinaria de la Universidad de Las Palmas de Gran Canaria. Coordinaci\u00f3n, gesti\u00f3n administrativa y econ\u00f3mica.\" \/>\n<meta property=\"og:url\" content=\"https:\/\/www.vet.ulpgc.es\/en\/la-facultad\/administracion\/\" \/>\n<meta property=\"og:site_name\" content=\"Facultad de Veterinaria - Universidad de Las Palmas de Gran Canaria\" \/>\n<meta property=\"article:modified_time\" content=\"2023-10-02T16:18:13+00:00\" \/>\n<meta property=\"og:image\" content=\"https:\/\/fv.ulpgc.es\/wp-content\/uploads\/2012\/02\/dpto_administracion.jpg\" \/>\n<meta name=\"twitter:card\" content=\"summary_large_image\" \/>\n<meta name=\"twitter:label1\" content=\"Estimated reading time\" \/>\n\t<meta name=\"twitter:data1\" content=\"1 minute\" \/>\n<script type=\"application\/ld+json\" class=\"yoast-schema-graph\">{\"@context\":\"https:\/\/schema.org\",\"@graph\":[{\"@type\":\"ScholarlyArticle\",\"@id\":\"https:\/\/www.vet.ulpgc.es\/en\/la-facultad\/administracion\/#article\",\"isPartOf\":{\"@id\":\"https:\/\/www.vet.ulpgc.es\/en\/la-facultad\/administracion\/\"},\"author\":{\"name\":\"Facultad Veterinaria\",\"@id\":\"https:\/\/www.vet.ulpgc.es\/#\/schema\/person\/d025fd34e26061d01a94416c6506a2d6\"},\"headline\":\"Administraci\u00f3n y Biblioteca de Veterinaria\",\"datePublished\":\"2012-10-31T14:20:59+00:00\",\"dateModified\":\"2023-10-02T16:18:13+00:00\",\"mainEntityOfPage\":{\"@id\":\"https:\/\/www.vet.ulpgc.es\/en\/la-facultad\/administracion\/\"},\"wordCount\":87,\"publisher\":{\"@id\":\"https:\/\/www.vet.ulpgc.es\/#organization\"},\"image\":{\"@id\":\"https:\/\/www.vet.ulpgc.es\/en\/la-facultad\/administracion\/#primaryimage\"},\"thumbnailUrl\":\"https:\/\/fv.ulpgc.es\/wp-content\/uploads\/2012\/02\/dpto_administracion.jpg\",\"inLanguage\":\"en-GB\"},{\"@type\":\"WebPage\",\"@id\":\"https:\/\/www.vet.ulpgc.es\/en\/la-facultad\/administracion\/\",\"url\":\"https:\/\/www.vet.ulpgc.es\/en\/la-facultad\/administracion\/\",\"name\":\"Administraci\u00f3n y Biblioteca de Veterinaria - Facultad de Veterinaria - Universidad de Las Palmas de Gran Canaria\",\"isPartOf\":{\"@id\":\"https:\/\/www.vet.ulpgc.es\/#website\"},\"primaryImageOfPage\":{\"@id\":\"https:\/\/www.vet.ulpgc.es\/en\/la-facultad\/administracion\/#primaryimage\"},\"image\":{\"@id\":\"https:\/\/www.vet.ulpgc.es\/en\/la-facultad\/administracion\/#primaryimage\"},\"thumbnailUrl\":\"https:\/\/fv.ulpgc.es\/wp-content\/uploads\/2012\/02\/dpto_administracion.jpg\",\"datePublished\":\"2012-10-31T14:20:59+00:00\",\"dateModified\":\"2023-10-02T16:18:13+00:00\",\"description\":\"Administraci\u00f3n y Biblioteca de Veterinaria de la Universidad de Las Palmas de Gran Canaria. Coordinaci\u00f3n, gesti\u00f3n administrativa y econ\u00f3mica.\",\"breadcrumb\":{\"@id\":\"https:\/\/www.vet.ulpgc.es\/en\/la-facultad\/administracion\/#breadcrumb\"},\"inLanguage\":\"en-GB\",\"potentialAction\":[{\"@type\":\"ReadAction\",\"target\":[\"https:\/\/www.vet.ulpgc.es\/en\/la-facultad\/administracion\/\"]}]},{\"@type\":\"ImageObject\",\"inLanguage\":\"en-GB\",\"@id\":\"https:\/\/www.vet.ulpgc.es\/en\/la-facultad\/administracion\/#primaryimage\",\"url\":\"https:\/\/fv.ulpgc.es\/wp-content\/uploads\/2012\/02\/dpto_administracion.jpg\",\"contentUrl\":\"https:\/\/fv.ulpgc.es\/wp-content\/uploads\/2012\/02\/dpto_administracion.jpg\"},{\"@type\":\"BreadcrumbList\",\"@id\":\"https:\/\/www.vet.ulpgc.es\/en\/la-facultad\/administracion\/#breadcrumb\",\"itemListElement\":[{\"@type\":\"ListItem\",\"position\":1,\"name\":\"Inicio\",\"item\":\"https:\/\/www.vet.ulpgc.es\/\"},{\"@type\":\"ListItem\",\"position\":2,\"name\":\"La Facultad\",\"item\":\"https:\/\/www.vet.ulpgc.es\/la-facultad\/\"},{\"@type\":\"ListItem\",\"position\":3,\"name\":\"Administraci\u00f3n y Biblioteca de Veterinaria\"}]},{\"@type\":\"WebSite\",\"@id\":\"https:\/\/www.vet.ulpgc.es\/#website\",\"url\":\"https:\/\/www.vet.ulpgc.es\/\",\"name\":\"Facultad de Veterinaria - Universidad de Las Palmas de Gran Canaria\",\"description\":\"ULPGC\",\"publisher\":{\"@id\":\"https:\/\/www.vet.ulpgc.es\/#organization\"},\"potentialAction\":[{\"@type\":\"SearchAction\",\"target\":{\"@type\":\"EntryPoint\",\"urlTemplate\":\"https:\/\/www.vet.ulpgc.es\/?s={search_term_string}\"},\"query-input\":{\"@type\":\"PropertyValueSpecification\",\"valueRequired\":true,\"valueName\":\"search_term_string\"}}],\"inLanguage\":\"en-GB\"},{\"@type\":\"Organization\",\"@id\":\"https:\/\/www.vet.ulpgc.es\/#organization\",\"name\":\"Facultad de Veterinaria ULPGC\",\"alternateName\":\"Facultad de Veterinaria de Las Palmas\",\"url\":\"https:\/\/www.vet.ulpgc.es\/\",\"logo\":{\"@type\":\"ImageObject\",\"inLanguage\":\"en-GB\",\"@id\":\"https:\/\/www.vet.ulpgc.es\/#\/schema\/logo\/image\/\",\"url\":\"\",\"contentUrl\":\"\",\"caption\":\"Facultad de Veterinaria ULPGC\"},\"image\":{\"@id\":\"https:\/\/www.vet.ulpgc.es\/#\/schema\/logo\/image\/\"}},{\"@type\":\"Person\",\"@id\":\"https:\/\/www.vet.ulpgc.es\/#\/schema\/person\/d025fd34e26061d01a94416c6506a2d6\",\"name\":\"Facultad Veterinaria\",\"image\":{\"@type\":\"ImageObject\",\"inLanguage\":\"en-GB\",\"@id\":\"https:\/\/secure.gravatar.com\/avatar\/fa74362430e1b1b376c0b027c2757acdf7cc58d6cc45bd094b2c6bd1211821fa?s=96&d=mm&r=g\",\"url\":\"https:\/\/secure.gravatar.com\/avatar\/fa74362430e1b1b376c0b027c2757acdf7cc58d6cc45bd094b2c6bd1211821fa?s=96&d=mm&r=g\",\"contentUrl\":\"https:\/\/secure.gravatar.com\/avatar\/fa74362430e1b1b376c0b027c2757acdf7cc58d6cc45bd094b2c6bd1211821fa?s=96&d=mm&r=g\",\"caption\":\"Facultad Veterinaria\"},\"sameAs\":[\"https:\/\/fv.ulpgc.es\"],\"url\":\"https:\/\/www.vet.ulpgc.es\/en\/author\/facultad-veterinaria\/\"}]}<\/script>\n<!-- \/ Yoast SEO plugin. -->","yoast_head_json":{"title":"Administraci\u00f3n y Biblioteca de Veterinaria - Facultad de Veterinaria - Universidad de Las Palmas de Gran Canaria","description":"Administraci\u00f3n y Biblioteca de Veterinaria de la Universidad de Las Palmas de Gran Canaria. Coordinaci\u00f3n, gesti\u00f3n administrativa y econ\u00f3mica.","robots":{"index":"index","follow":"follow","max-snippet":"max-snippet:-1","max-image-preview":"max-image-preview:large","max-video-preview":"max-video-preview:-1"},"canonical":"https:\/\/www.vet.ulpgc.es\/en\/la-facultad\/administracion\/","og_locale":"en_GB","og_type":"article","og_title":"Administraci\u00f3n y Biblioteca de Veterinaria - Facultad de Veterinaria - Universidad de Las Palmas de Gran Canaria","og_description":"Administraci\u00f3n y Biblioteca de Veterinaria de la Universidad de Las Palmas de Gran Canaria. Coordinaci\u00f3n, gesti\u00f3n administrativa y econ\u00f3mica.","og_url":"https:\/\/www.vet.ulpgc.es\/en\/la-facultad\/administracion\/","og_site_name":"Facultad de Veterinaria - Universidad de Las Palmas de Gran Canaria","article_modified_time":"2023-10-02T16:18:13+00:00","og_image":[{"url":"https:\/\/fv.ulpgc.es\/wp-content\/uploads\/2012\/02\/dpto_administracion.jpg","type":"","width":"","height":""}],"twitter_card":"summary_large_image","twitter_misc":{"Estimated reading time":"1 minute"},"schema":{"@context":"https:\/\/schema.org","@graph":[{"@type":"ScholarlyArticle","@id":"https:\/\/www.vet.ulpgc.es\/en\/la-facultad\/administracion\/#article","isPartOf":{"@id":"https:\/\/www.vet.ulpgc.es\/en\/la-facultad\/administracion\/"},"author":{"name":"Facultad Veterinaria","@id":"https:\/\/www.vet.ulpgc.es\/#\/schema\/person\/d025fd34e26061d01a94416c6506a2d6"},"headline":"Administraci\u00f3n y Biblioteca de Veterinaria","datePublished":"2012-10-31T14:20:59+00:00","dateModified":"2023-10-02T16:18:13+00:00","mainEntityOfPage":{"@id":"https:\/\/www.vet.ulpgc.es\/en\/la-facultad\/administracion\/"},"wordCount":87,"publisher":{"@id":"https:\/\/www.vet.ulpgc.es\/#organization"},"image":{"@id":"https:\/\/www.vet.ulpgc.es\/en\/la-facultad\/administracion\/#primaryimage"},"thumbnailUrl":"https:\/\/fv.ulpgc.es\/wp-content\/uploads\/2012\/02\/dpto_administracion.jpg","inLanguage":"en-GB"},{"@type":"WebPage","@id":"https:\/\/www.vet.ulpgc.es\/en\/la-facultad\/administracion\/","url":"https:\/\/www.vet.ulpgc.es\/en\/la-facultad\/administracion\/","name":"Administraci\u00f3n y Biblioteca de Veterinaria - Facultad de Veterinaria - Universidad de Las Palmas de Gran Canaria","isPartOf":{"@id":"https:\/\/www.vet.ulpgc.es\/#website"},"primaryImageOfPage":{"@id":"https:\/\/www.vet.ulpgc.es\/en\/la-facultad\/administracion\/#primaryimage"},"image":{"@id":"https:\/\/www.vet.ulpgc.es\/en\/la-facultad\/administracion\/#primaryimage"},"thumbnailUrl":"https:\/\/fv.ulpgc.es\/wp-content\/uploads\/2012\/02\/dpto_administracion.jpg","datePublished":"2012-10-31T14:20:59+00:00","dateModified":"2023-10-02T16:18:13+00:00","description":"Administraci\u00f3n y Biblioteca de Veterinaria de la Universidad de Las Palmas de Gran Canaria. Coordinaci\u00f3n, gesti\u00f3n administrativa y econ\u00f3mica.","breadcrumb":{"@id":"https:\/\/www.vet.ulpgc.es\/en\/la-facultad\/administracion\/#breadcrumb"},"inLanguage":"en-GB","potentialAction":[{"@type":"ReadAction","target":["https:\/\/www.vet.ulpgc.es\/en\/la-facultad\/administracion\/"]}]},{"@type":"ImageObject","inLanguage":"en-GB","@id":"https:\/\/www.vet.ulpgc.es\/en\/la-facultad\/administracion\/#primaryimage","url":"https:\/\/fv.ulpgc.es\/wp-content\/uploads\/2012\/02\/dpto_administracion.jpg","contentUrl":"https:\/\/fv.ulpgc.es\/wp-content\/uploads\/2012\/02\/dpto_administracion.jpg"},{"@type":"BreadcrumbList","@id":"https:\/\/www.vet.ulpgc.es\/en\/la-facultad\/administracion\/#breadcrumb","itemListElement":[{"@type":"ListItem","position":1,"name":"Inicio","item":"https:\/\/www.vet.ulpgc.es\/"},{"@type":"ListItem","position":2,"name":"La Facultad","item":"https:\/\/www.vet.ulpgc.es\/la-facultad\/"},{"@type":"ListItem","position":3,"name":"Administraci\u00f3n y Biblioteca de Veterinaria"}]},{"@type":"WebSite","@id":"https:\/\/www.vet.ulpgc.es\/#website","url":"https:\/\/www.vet.ulpgc.es\/","name":"Faculty of Veterinary Medicine - University of Las Palmas de Gran Canaria","description":"ULPGC","publisher":{"@id":"https:\/\/www.vet.ulpgc.es\/#organization"},"potentialAction":[{"@type":"SearchAction","target":{"@type":"EntryPoint","urlTemplate":"https:\/\/www.vet.ulpgc.es\/?s={search_term_string}"},"query-input":{"@type":"PropertyValueSpecification","valueRequired":true,"valueName":"search_term_string"}}],"inLanguage":"en-GB"},{"@type":"Organization","@id":"https:\/\/www.vet.ulpgc.es\/#organization","name":"ULPGC Faculty of Veterinary Medicine","alternateName":"Facultad de Veterinaria de Las Palmas","url":"https:\/\/www.vet.ulpgc.es\/","logo":{"@type":"ImageObject","inLanguage":"en-GB","@id":"https:\/\/www.vet.ulpgc.es\/#\/schema\/logo\/image\/","url":"","contentUrl":"","caption":"Facultad de Veterinaria ULPGC"},"image":{"@id":"https:\/\/www.vet.ulpgc.es\/#\/schema\/logo\/image\/"}},{"@type":"Person","@id":"https:\/\/www.vet.ulpgc.es\/#\/schema\/person\/d025fd34e26061d01a94416c6506a2d6","name":"Facultad Veterinaria","image":{"@type":"ImageObject","inLanguage":"en-GB","@id":"https:\/\/secure.gravatar.com\/avatar\/fa74362430e1b1b376c0b027c2757acdf7cc58d6cc45bd094b2c6bd1211821fa?s=96&d=mm&r=g","url":"https:\/\/secure.gravatar.com\/avatar\/fa74362430e1b1b376c0b027c2757acdf7cc58d6cc45bd094b2c6bd1211821fa?s=96&d=mm&r=g","contentUrl":"https:\/\/secure.gravatar.com\/avatar\/fa74362430e1b1b376c0b027c2757acdf7cc58d6cc45bd094b2c6bd1211821fa?s=96&d=mm&r=g","caption":"Facultad Veterinaria"},"sameAs":["https:\/\/fv.ulpgc.es"],"url":"https:\/\/www.vet.ulpgc.es\/en\/author\/facultad-veterinaria\/"}]}},"_links":{"self":[{"href":"https:\/\/www.vet.ulpgc.es\/en\/wp-json\/wp\/v2\/pages\/1914","targetHints":{"allow":["GET"]}}],"collection":[{"href":"https:\/\/www.vet.ulpgc.es\/en\/wp-json\/wp\/v2\/pages"}],"about":[{"href":"https:\/\/www.vet.ulpgc.es\/en\/wp-json\/wp\/v2\/types\/page"}],"author":[{"embeddable":true,"href":"https:\/\/www.vet.ulpgc.es\/en\/wp-json\/wp\/v2\/users\/1"}],"replies":[{"embeddable":true,"href":"https:\/\/www.vet.ulpgc.es\/en\/wp-json\/wp\/v2\/comments?post=1914"}],"version-history":[{"count":0,"href":"https:\/\/www.vet.ulpgc.es\/en\/wp-json\/wp\/v2\/pages\/1914\/revisions"}],"up":[{"embeddable":true,"href":"https:\/\/www.vet.ulpgc.es\/en\/wp-json\/wp\/v2\/pages\/30"}],"wp:attachment":[{"href":"https:\/\/www.vet.ulpgc.es\/en\/wp-json\/wp\/v2\/media?parent=1914"}],"curies":[{"name":"wp","href":"https:\/\/api.w.org\/{rel}","templated":true}]}}