{"id":125,"date":"2012-02-02T07:47:08","date_gmt":"2012-02-02T07:47:08","guid":{"rendered":"http:\/\/www.fv.ulpgc.es\/?page_id=125"},"modified":"2025-02-21T11:35:34","modified_gmt":"2025-02-21T11:35:34","slug":"servicios","status":"publish","type":"page","link":"https:\/\/www.vet.ulpgc.es\/en\/servicios\/","title":{"rendered":"Services"},"content":{"rendered":"<div data-elementor-type=\"wp-page\" data-elementor-id=\"125\" class=\"elementor elementor-125\" data-elementor-post-type=\"page\">\n\t\t\t\t\t\t<section class=\"elementor-section elementor-top-section elementor-element elementor-element-2e6932fb elementor-section-boxed elementor-section-height-default elementor-section-height-default\" data-id=\"2e6932fb\" data-element_type=\"section\" data-e-type=\"section\">\n\t\t\t\t\t\t<div class=\"elementor-container elementor-column-gap-default\">\n\t\t\t\t\t<div class=\"elementor-column elementor-col-100 elementor-top-column elementor-element elementor-element-67282b2c\" data-id=\"67282b2c\" data-element_type=\"column\" data-e-type=\"column\">\n\t\t\t<div class=\"elementor-widget-wrap elementor-element-populated\">\n\t\t\t\t\t\t<div class=\"elementor-element elementor-element-7523490 elementor-widget elementor-widget-text-editor\" data-id=\"7523490\" data-element_type=\"widget\" data-e-type=\"widget\" data-widget_type=\"text-editor.default\">\n\t\t\t\t<div class=\"elementor-widget-container\">\n\t\t\t\t\t\t\t\t\t<p>Below you will find a link to the Veterinary Clinical Hospital, where medical-surgical care services are provided to small and large animals. Below, you will find access or links to various diagnostic services provided by different departments of the Faculty to society.<\/p>\t\t\t\t\t\t\t\t<\/div>\n\t\t\t\t<\/div>\n\t\t\t\t<section class=\"elementor-section elementor-inner-section elementor-element elementor-element-f461b24 elementor-section-boxed elementor-section-height-default elementor-section-height-default\" data-id=\"f461b24\" data-element_type=\"section\" data-e-type=\"section\">\n\t\t\t\t\t\t<div class=\"elementor-container elementor-column-gap-default\">\n\t\t\t\t\t<div class=\"elementor-column elementor-col-50 elementor-inner-column elementor-element elementor-element-65ace4a\" data-id=\"65ace4a\" data-element_type=\"column\" data-e-type=\"column\">\n\t\t\t<div class=\"elementor-widget-wrap elementor-element-populated\">\n\t\t\t\t\t\t<div class=\"elementor-element elementor-element-7d49e88 elementor-position-top elementor-widget elementor-widget-image-box\" data-id=\"7d49e88\" data-element_type=\"widget\" data-e-type=\"widget\" data-widget_type=\"image-box.default\">\n\t\t\t\t<div class=\"elementor-widget-container\">\n\t\t\t\t\t<div class=\"elementor-image-box-wrapper\"><figure class=\"elementor-image-box-img\"><a href=\"https:\/\/hcv.ulpgc.es\/web2\/\" target=\"_blank\" rel=\"hcv\" titlehcv=\"\" tabindex=\"-1\"><img fetchpriority=\"high\" decoding=\"async\" width=\"299\" height=\"306\" src=\"https:\/\/www.vet.ulpgc.es\/wp-content\/uploads\/2012\/02\/servicio-hospital-clinico-veterinario.jpg\" class=\"attachment-full size-full wp-image-234\" alt=\"Hospital Cl\u00ednico Veterinario\" srcset=\"https:\/\/www.vet.ulpgc.es\/wp-content\/uploads\/2012\/02\/servicio-hospital-clinico-veterinario.jpg 299w, https:\/\/www.vet.ulpgc.es\/wp-content\/uploads\/2012\/02\/servicio-hospital-clinico-veterinario-12x12.jpg 12w\" sizes=\"(max-width: 299px) 100vw, 299px\" \/><\/a><\/figure><div class=\"elementor-image-box-content\"><h2 class=\"elementor-image-box-title\"><a href=\"https:\/\/hcv.ulpgc.es\/web2\/\" target=\"_blank\" rel=\"hcv\" titlehcv=\"\">Veterinary Clinical Hospital<\/a><\/h2><p class=\"elementor-image-box-description\">Care of sick animals in the different clinical services for their diagnosis and treatment. Hospitalization and emergencies 24 hours.<\/p><\/div><\/div>\t\t\t\t<\/div>\n\t\t\t\t<\/div>\n\t\t\t\t\t<\/div>\n\t\t<\/div>\n\t\t\t\t<div class=\"elementor-column elementor-col-50 elementor-inner-column elementor-element elementor-element-5b9ec2f\" data-id=\"5b9ec2f\" data-element_type=\"column\" data-e-type=\"column\">\n\t\t\t<div class=\"elementor-widget-wrap elementor-element-populated\">\n\t\t\t\t\t\t<div class=\"elementor-element elementor-element-6708c03 elementor-widget elementor-widget-image-box\" data-id=\"6708c03\" data-element_type=\"widget\" data-e-type=\"widget\" data-widget_type=\"image-box.default\">\n\t\t\t\t<div class=\"elementor-widget-container\">\n\t\t\t\t\t<div class=\"elementor-image-box-wrapper\"><div class=\"elementor-image-box-content\"><p class=\"elementor-image-box-description\">.<\/p><\/div><\/div>\t\t\t\t<\/div>\n\t\t\t\t<\/div>\n\t\t\t\t\t<\/div>\n\t\t<\/div>\n\t\t\t\t\t<\/div>\n\t\t<\/section>\n\t\t\t\t<section class=\"elementor-section elementor-inner-section elementor-element elementor-element-858df71 elementor-section-boxed elementor-section-height-default elementor-section-height-default\" data-id=\"858df71\" data-element_type=\"section\" data-e-type=\"section\">\n\t\t\t\t\t\t<div class=\"elementor-container elementor-column-gap-default\">\n\t\t\t\t\t<div class=\"elementor-column elementor-col-50 elementor-inner-column elementor-element elementor-element-504a969\" data-id=\"504a969\" data-element_type=\"column\" data-e-type=\"column\">\n\t\t\t<div class=\"elementor-widget-wrap elementor-element-populated\">\n\t\t\t\t\t\t<div class=\"elementor-element elementor-element-c9c82d7 elementor-position-top elementor-widget elementor-widget-image-box\" data-id=\"c9c82d7\" data-element_type=\"widget\" data-e-type=\"widget\" data-widget_type=\"image-box.default\">\n\t\t\t\t<div class=\"elementor-widget-container\">\n\t\t\t\t\t<div class=\"elementor-image-box-wrapper\"><figure class=\"elementor-image-box-img\"><a href=\"\/en\/servicios\/diagnostico-de-enfermedades-infecciosas\/\" rel=\"enfermedades\" title=\"Diseases\" tabindex=\"-1\"><img decoding=\"async\" width=\"299\" height=\"306\" src=\"https:\/\/www.vet.ulpgc.es\/wp-content\/uploads\/2012\/02\/servicios-enfermedades-infecciosas.jpg\" class=\"attachment-full size-full wp-image-235\" alt=\"Enfermedades Infecciosas Veterinaria\" srcset=\"https:\/\/www.vet.ulpgc.es\/wp-content\/uploads\/2012\/02\/servicios-enfermedades-infecciosas.jpg 299w, https:\/\/www.vet.ulpgc.es\/wp-content\/uploads\/2012\/02\/servicios-enfermedades-infecciosas-12x12.jpg 12w\" sizes=\"(max-width: 299px) 100vw, 299px\" \/><\/a><\/figure><div class=\"elementor-image-box-content\"><h2 class=\"elementor-image-box-title\"><a href=\"\/en\/servicios\/diagnostico-de-enfermedades-infecciosas\/\" rel=\"enfermedades\" title=\"Diseases\">Diagnosis Infectious Diseases<\/a><\/h2><p class=\"elementor-image-box-description\">Laboratory diagnosis of bacterial, viral, fungal and other infectious diseases in clinical samples.<\/p><\/div><\/div>\t\t\t\t<\/div>\n\t\t\t\t<\/div>\n\t\t\t\t\t<\/div>\n\t\t<\/div>\n\t\t\t\t<div class=\"elementor-column elementor-col-50 elementor-inner-column elementor-element elementor-element-af416d4\" data-id=\"af416d4\" data-element_type=\"column\" data-e-type=\"column\">\n\t\t\t<div class=\"elementor-widget-wrap elementor-element-populated\">\n\t\t\t\t\t\t<div class=\"elementor-element elementor-element-b4a08b9 elementor-position-top elementor-widget elementor-widget-image-box\" data-id=\"b4a08b9\" data-element_type=\"widget\" data-e-type=\"widget\" data-widget_type=\"image-box.default\">\n\t\t\t\t<div class=\"elementor-widget-container\">\n\t\t\t\t\t<div class=\"elementor-image-box-wrapper\"><figure class=\"elementor-image-box-img\"><a href=\"http:\/\/www.sertox.es\/\" target=\"_blank\" rel=\"sertox\" title=\"sertox\" tabindex=\"-1\"><img decoding=\"async\" width=\"299\" height=\"306\" src=\"https:\/\/www.vet.ulpgc.es\/wp-content\/uploads\/2012\/02\/servicio-toxicologia.jpg\" class=\"attachment-full size-full wp-image-848\" alt=\"Servicio de Toxicolog\u00eda Cl\u00ednica y Anal\u00edtica\" srcset=\"https:\/\/www.vet.ulpgc.es\/wp-content\/uploads\/2012\/02\/servicio-toxicologia.jpg 299w, https:\/\/www.vet.ulpgc.es\/wp-content\/uploads\/2012\/02\/servicio-toxicologia-12x12.jpg 12w\" sizes=\"(max-width: 299px) 100vw, 299px\" \/><\/a><\/figure><div class=\"elementor-image-box-content\"><h2 class=\"elementor-image-box-title\"><a href=\"http:\/\/www.sertox.es\/\" target=\"_blank\" rel=\"sertox\" title=\"sertox\">Clinical and Analytical Toxicology Service<\/a><\/h2><p class=\"elementor-image-box-description\">SERTOX was created within the ULPGC in order to offer veterinarians, doctors, administration and the general public a service of advice, analysis, diagnosis and toxicological research on all types of biological samples.<\/p><\/div><\/div>\t\t\t\t<\/div>\n\t\t\t\t<\/div>\n\t\t\t\t\t<\/div>\n\t\t<\/div>\n\t\t\t\t\t<\/div>\n\t\t<\/section>\n\t\t\t\t<div class=\"elementor-element elementor-element-297eddf5 elementor-widget elementor-widget-text-editor\" data-id=\"297eddf5\" data-element_type=\"widget\" data-e-type=\"widget\" data-widget_type=\"text-editor.default\">\n\t\t\t\t<div class=\"elementor-widget-container\">\n\t\t\t\t\t\t\t\t\t<h3>Parasitology Service<\/h3><p>This Diagnostic Service has coprological, immunological and molecular biology methods for parasitic diseases with clinical, health and\/or economic repercussions in veterinary medicine such as giardiosis, cryptosporidiosis, ehrlichiosis, babesiosis, leishmaniosis or toxoplasmosis.<\/p>\t\t\t\t\t\t\t\t<\/div>\n\t\t\t\t<\/div>\n\t\t\t\t<div class=\"elementor-element elementor-element-af9d1c2 elementor-widget elementor-widget-spacer\" data-id=\"af9d1c2\" data-element_type=\"widget\" data-e-type=\"widget\" data-widget_type=\"spacer.default\">\n\t\t\t\t<div class=\"elementor-widget-container\">\n\t\t\t\t\t\t\t<div class=\"elementor-spacer\">\n\t\t\t<div class=\"elementor-spacer-inner\"><\/div>\n\t\t<\/div>\n\t\t\t\t\t\t<\/div>\n\t\t\t\t<\/div>\n\t\t\t\t\t<\/div>\n\t\t<\/div>\n\t\t\t\t\t<\/div>\n\t\t<\/section>\n\t\t\t\t<\/div>","protected":false},"excerpt":{"rendered":"<p>A continuaci\u00f3n encontrar\u00e1 un enlace al Hospital Cl\u00ednico Veterinario, en el que se prestan servicios de atenci\u00f3n m\u00e9dico-quir\u00fargica a peque\u00f1os y grandes animales. Debajo, encontrar\u00e1 acceso o enlaces a diversos servicios de diagn\u00f3stico\u00a0y que prestan distintos departamentos de la Facultad a la sociedad. Hospital Cl\u00ednico Veterinario Atenci\u00f3n de animales enfermos en los distintos servicios cl\u00ednicos&hellip;&nbsp;<\/p>\n<div class=\"read-more-wrapper\"><a href=\"https:\/\/www.vet.ulpgc.es\/en\/servicios\/\" class=\"button button-primary\" rel=\"bookmark\">Read More &raquo;<span class=\"screen-reader-text\">Services<\/span><\/a><\/div>","protected":false},"author":1,"featured_media":0,"parent":0,"menu_order":4,"comment_status":"closed","ping_status":"closed","template":"","meta":{"neve_meta_sidebar":"","neve_meta_container":"","neve_meta_enable_content_width":"off","neve_meta_content_width":100,"neve_meta_title_alignment":"","neve_meta_author_avatar":"","neve_post_elements_order":"","neve_meta_disable_header":"","neve_meta_disable_footer":"","neve_meta_disable_title":"","neve_meta_reading_time":"","footnotes":""},"class_list":["post-125","page","type-page","status-publish","hentry"],"yoast_head":"<!-- This site is optimized with the Yoast SEO plugin v27.2 - https:\/\/yoast.com\/product\/yoast-seo-wordpress\/ -->\n<title>Servicios - Facultad de Veterinaria - Universidad de Las Palmas de Gran Canaria<\/title>\n<meta name=\"description\" content=\"Servicios Hospital Cl\u00ednico Veterinario, Facultad de Veterinaria de la Universidad de Las Palmas de Gran Canaria. Atenci\u00f3n m\u00e9dico-quir\u00fargica.\" \/>\n<meta name=\"robots\" content=\"index, follow, max-snippet:-1, max-image-preview:large, max-video-preview:-1\" \/>\n<link rel=\"canonical\" href=\"https:\/\/www.vet.ulpgc.es\/en\/servicios\/\" \/>\n<meta property=\"og:locale\" content=\"en_GB\" \/>\n<meta property=\"og:type\" content=\"article\" \/>\n<meta property=\"og:title\" content=\"Servicios - Facultad de Veterinaria - Universidad de Las Palmas de Gran Canaria\" \/>\n<meta property=\"og:description\" content=\"Servicios Hospital Cl\u00ednico Veterinario, Facultad de Veterinaria de la Universidad de Las Palmas de Gran Canaria. Atenci\u00f3n m\u00e9dico-quir\u00fargica.\" \/>\n<meta property=\"og:url\" content=\"https:\/\/www.vet.ulpgc.es\/en\/servicios\/\" \/>\n<meta property=\"og:site_name\" content=\"Facultad de Veterinaria - Universidad de Las Palmas de Gran Canaria\" \/>\n<meta property=\"article:modified_time\" content=\"2025-02-21T11:35:34+00:00\" \/>\n<meta property=\"og:image\" content=\"https:\/\/www.vet.ulpgc.es\/wp-content\/uploads\/2012\/02\/servicio-hospital-clinico-veterinario.jpg\" \/>\n\t<meta property=\"og:image:width\" content=\"299\" \/>\n\t<meta property=\"og:image:height\" content=\"306\" \/>\n\t<meta property=\"og:image:type\" content=\"image\/jpeg\" \/>\n<meta name=\"twitter:card\" content=\"summary_large_image\" \/>\n<meta name=\"twitter:label1\" content=\"Estimated reading time\" \/>\n\t<meta name=\"twitter:data1\" content=\"2 minutes\" \/>\n<script type=\"application\/ld+json\" class=\"yoast-schema-graph\">{\"@context\":\"https:\/\/schema.org\",\"@graph\":[{\"@type\":\"ScholarlyArticle\",\"@id\":\"https:\/\/www.vet.ulpgc.es\/servicios\/#article\",\"isPartOf\":{\"@id\":\"https:\/\/www.vet.ulpgc.es\/servicios\/\"},\"author\":{\"name\":\"Facultad Veterinaria\",\"@id\":\"https:\/\/www.vet.ulpgc.es\/#\/schema\/person\/d025fd34e26061d01a94416c6506a2d6\"},\"headline\":\"Servicios\",\"datePublished\":\"2012-02-02T07:47:08+00:00\",\"dateModified\":\"2025-02-21T11:35:34+00:00\",\"mainEntityOfPage\":{\"@id\":\"https:\/\/www.vet.ulpgc.es\/servicios\/\"},\"wordCount\":200,\"publisher\":{\"@id\":\"https:\/\/www.vet.ulpgc.es\/#organization\"},\"image\":{\"@id\":\"https:\/\/www.vet.ulpgc.es\/servicios\/#primaryimage\"},\"thumbnailUrl\":\"https:\/\/www.vet.ulpgc.es\/wp-content\/uploads\/2012\/02\/servicio-hospital-clinico-veterinario.jpg\",\"inLanguage\":\"en-GB\"},{\"@type\":\"WebPage\",\"@id\":\"https:\/\/www.vet.ulpgc.es\/servicios\/\",\"url\":\"https:\/\/www.vet.ulpgc.es\/servicios\/\",\"name\":\"Servicios - Facultad de Veterinaria - Universidad de Las Palmas de Gran Canaria\",\"isPartOf\":{\"@id\":\"https:\/\/www.vet.ulpgc.es\/#website\"},\"primaryImageOfPage\":{\"@id\":\"https:\/\/www.vet.ulpgc.es\/servicios\/#primaryimage\"},\"image\":{\"@id\":\"https:\/\/www.vet.ulpgc.es\/servicios\/#primaryimage\"},\"thumbnailUrl\":\"https:\/\/www.vet.ulpgc.es\/wp-content\/uploads\/2012\/02\/servicio-hospital-clinico-veterinario.jpg\",\"datePublished\":\"2012-02-02T07:47:08+00:00\",\"dateModified\":\"2025-02-21T11:35:34+00:00\",\"description\":\"Servicios Hospital Cl\u00ednico Veterinario, Facultad de Veterinaria de la Universidad de Las Palmas de Gran Canaria. Atenci\u00f3n m\u00e9dico-quir\u00fargica.\",\"breadcrumb\":{\"@id\":\"https:\/\/www.vet.ulpgc.es\/servicios\/#breadcrumb\"},\"inLanguage\":\"en-GB\",\"potentialAction\":[{\"@type\":\"ReadAction\",\"target\":[\"https:\/\/www.vet.ulpgc.es\/servicios\/\"]}]},{\"@type\":\"ImageObject\",\"inLanguage\":\"en-GB\",\"@id\":\"https:\/\/www.vet.ulpgc.es\/servicios\/#primaryimage\",\"url\":\"https:\/\/www.vet.ulpgc.es\/wp-content\/uploads\/2012\/02\/servicio-hospital-clinico-veterinario.jpg\",\"contentUrl\":\"https:\/\/www.vet.ulpgc.es\/wp-content\/uploads\/2012\/02\/servicio-hospital-clinico-veterinario.jpg\"},{\"@type\":\"BreadcrumbList\",\"@id\":\"https:\/\/www.vet.ulpgc.es\/servicios\/#breadcrumb\",\"itemListElement\":[{\"@type\":\"ListItem\",\"position\":1,\"name\":\"Inicio\",\"item\":\"https:\/\/www.vet.ulpgc.es\/\"},{\"@type\":\"ListItem\",\"position\":2,\"name\":\"Servicios\"}]},{\"@type\":\"WebSite\",\"@id\":\"https:\/\/www.vet.ulpgc.es\/#website\",\"url\":\"https:\/\/www.vet.ulpgc.es\/\",\"name\":\"Facultad de Veterinaria - Universidad de Las Palmas de Gran Canaria\",\"description\":\"ULPGC\",\"publisher\":{\"@id\":\"https:\/\/www.vet.ulpgc.es\/#organization\"},\"potentialAction\":[{\"@type\":\"SearchAction\",\"target\":{\"@type\":\"EntryPoint\",\"urlTemplate\":\"https:\/\/www.vet.ulpgc.es\/?s={search_term_string}\"},\"query-input\":{\"@type\":\"PropertyValueSpecification\",\"valueRequired\":true,\"valueName\":\"search_term_string\"}}],\"inLanguage\":\"en-GB\"},{\"@type\":\"Organization\",\"@id\":\"https:\/\/www.vet.ulpgc.es\/#organization\",\"name\":\"Facultad de Veterinaria ULPGC\",\"alternateName\":\"Facultad de Veterinaria de Las Palmas\",\"url\":\"https:\/\/www.vet.ulpgc.es\/\",\"logo\":{\"@type\":\"ImageObject\",\"inLanguage\":\"en-GB\",\"@id\":\"https:\/\/www.vet.ulpgc.es\/#\/schema\/logo\/image\/\",\"url\":\"\",\"contentUrl\":\"\",\"caption\":\"Facultad de Veterinaria ULPGC\"},\"image\":{\"@id\":\"https:\/\/www.vet.ulpgc.es\/#\/schema\/logo\/image\/\"}},{\"@type\":\"Person\",\"@id\":\"https:\/\/www.vet.ulpgc.es\/#\/schema\/person\/d025fd34e26061d01a94416c6506a2d6\",\"name\":\"Facultad Veterinaria\",\"image\":{\"@type\":\"ImageObject\",\"inLanguage\":\"en-GB\",\"@id\":\"https:\/\/secure.gravatar.com\/avatar\/fa74362430e1b1b376c0b027c2757acdf7cc58d6cc45bd094b2c6bd1211821fa?s=96&d=mm&r=g\",\"url\":\"https:\/\/secure.gravatar.com\/avatar\/fa74362430e1b1b376c0b027c2757acdf7cc58d6cc45bd094b2c6bd1211821fa?s=96&d=mm&r=g\",\"contentUrl\":\"https:\/\/secure.gravatar.com\/avatar\/fa74362430e1b1b376c0b027c2757acdf7cc58d6cc45bd094b2c6bd1211821fa?s=96&d=mm&r=g\",\"caption\":\"Facultad Veterinaria\"},\"sameAs\":[\"https:\/\/fv.ulpgc.es\"],\"url\":\"https:\/\/www.vet.ulpgc.es\/en\/author\/facultad-veterinaria\/\"}]}<\/script>\n<!-- \/ Yoast SEO plugin. -->","yoast_head_json":{"title":"Servicios - Facultad de Veterinaria - Universidad de Las Palmas de Gran Canaria","description":"Servicios Hospital Cl\u00ednico Veterinario, Facultad de Veterinaria de la Universidad de Las Palmas de Gran Canaria. Atenci\u00f3n m\u00e9dico-quir\u00fargica.","robots":{"index":"index","follow":"follow","max-snippet":"max-snippet:-1","max-image-preview":"max-image-preview:large","max-video-preview":"max-video-preview:-1"},"canonical":"https:\/\/www.vet.ulpgc.es\/en\/servicios\/","og_locale":"en_GB","og_type":"article","og_title":"Servicios - Facultad de Veterinaria - Universidad de Las Palmas de Gran Canaria","og_description":"Servicios Hospital Cl\u00ednico Veterinario, Facultad de Veterinaria de la Universidad de Las Palmas de Gran Canaria. Atenci\u00f3n m\u00e9dico-quir\u00fargica.","og_url":"https:\/\/www.vet.ulpgc.es\/en\/servicios\/","og_site_name":"Facultad de Veterinaria - Universidad de Las Palmas de Gran Canaria","article_modified_time":"2025-02-21T11:35:34+00:00","og_image":[{"width":299,"height":306,"url":"https:\/\/www.vet.ulpgc.es\/wp-content\/uploads\/2012\/02\/servicio-hospital-clinico-veterinario.jpg","type":"image\/jpeg"}],"twitter_card":"summary_large_image","twitter_misc":{"Estimated reading time":"2 minutes"},"schema":{"@context":"https:\/\/schema.org","@graph":[{"@type":"ScholarlyArticle","@id":"https:\/\/www.vet.ulpgc.es\/servicios\/#article","isPartOf":{"@id":"https:\/\/www.vet.ulpgc.es\/servicios\/"},"author":{"name":"Facultad Veterinaria","@id":"https:\/\/www.vet.ulpgc.es\/#\/schema\/person\/d025fd34e26061d01a94416c6506a2d6"},"headline":"Servicios","datePublished":"2012-02-02T07:47:08+00:00","dateModified":"2025-02-21T11:35:34+00:00","mainEntityOfPage":{"@id":"https:\/\/www.vet.ulpgc.es\/servicios\/"},"wordCount":200,"publisher":{"@id":"https:\/\/www.vet.ulpgc.es\/#organization"},"image":{"@id":"https:\/\/www.vet.ulpgc.es\/servicios\/#primaryimage"},"thumbnailUrl":"https:\/\/www.vet.ulpgc.es\/wp-content\/uploads\/2012\/02\/servicio-hospital-clinico-veterinario.jpg","inLanguage":"en-GB"},{"@type":"WebPage","@id":"https:\/\/www.vet.ulpgc.es\/servicios\/","url":"https:\/\/www.vet.ulpgc.es\/servicios\/","name":"Servicios - Facultad de Veterinaria - Universidad de Las Palmas de Gran Canaria","isPartOf":{"@id":"https:\/\/www.vet.ulpgc.es\/#website"},"primaryImageOfPage":{"@id":"https:\/\/www.vet.ulpgc.es\/servicios\/#primaryimage"},"image":{"@id":"https:\/\/www.vet.ulpgc.es\/servicios\/#primaryimage"},"thumbnailUrl":"https:\/\/www.vet.ulpgc.es\/wp-content\/uploads\/2012\/02\/servicio-hospital-clinico-veterinario.jpg","datePublished":"2012-02-02T07:47:08+00:00","dateModified":"2025-02-21T11:35:34+00:00","description":"Servicios Hospital Cl\u00ednico Veterinario, Facultad de Veterinaria de la Universidad de Las Palmas de Gran Canaria. Atenci\u00f3n m\u00e9dico-quir\u00fargica.","breadcrumb":{"@id":"https:\/\/www.vet.ulpgc.es\/servicios\/#breadcrumb"},"inLanguage":"en-GB","potentialAction":[{"@type":"ReadAction","target":["https:\/\/www.vet.ulpgc.es\/servicios\/"]}]},{"@type":"ImageObject","inLanguage":"en-GB","@id":"https:\/\/www.vet.ulpgc.es\/servicios\/#primaryimage","url":"https:\/\/www.vet.ulpgc.es\/wp-content\/uploads\/2012\/02\/servicio-hospital-clinico-veterinario.jpg","contentUrl":"https:\/\/www.vet.ulpgc.es\/wp-content\/uploads\/2012\/02\/servicio-hospital-clinico-veterinario.jpg"},{"@type":"BreadcrumbList","@id":"https:\/\/www.vet.ulpgc.es\/servicios\/#breadcrumb","itemListElement":[{"@type":"ListItem","position":1,"name":"Inicio","item":"https:\/\/www.vet.ulpgc.es\/"},{"@type":"ListItem","position":2,"name":"Servicios"}]},{"@type":"WebSite","@id":"https:\/\/www.vet.ulpgc.es\/#website","url":"https:\/\/www.vet.ulpgc.es\/","name":"Faculty of Veterinary Medicine - University of Las Palmas de Gran Canaria","description":"ULPGC","publisher":{"@id":"https:\/\/www.vet.ulpgc.es\/#organization"},"potentialAction":[{"@type":"SearchAction","target":{"@type":"EntryPoint","urlTemplate":"https:\/\/www.vet.ulpgc.es\/?s={search_term_string}"},"query-input":{"@type":"PropertyValueSpecification","valueRequired":true,"valueName":"search_term_string"}}],"inLanguage":"en-GB"},{"@type":"Organization","@id":"https:\/\/www.vet.ulpgc.es\/#organization","name":"ULPGC Faculty of Veterinary Medicine","alternateName":"Facultad de Veterinaria de Las Palmas","url":"https:\/\/www.vet.ulpgc.es\/","logo":{"@type":"ImageObject","inLanguage":"en-GB","@id":"https:\/\/www.vet.ulpgc.es\/#\/schema\/logo\/image\/","url":"","contentUrl":"","caption":"Facultad de Veterinaria ULPGC"},"image":{"@id":"https:\/\/www.vet.ulpgc.es\/#\/schema\/logo\/image\/"}},{"@type":"Person","@id":"https:\/\/www.vet.ulpgc.es\/#\/schema\/person\/d025fd34e26061d01a94416c6506a2d6","name":"Facultad Veterinaria","image":{"@type":"ImageObject","inLanguage":"en-GB","@id":"https:\/\/secure.gravatar.com\/avatar\/fa74362430e1b1b376c0b027c2757acdf7cc58d6cc45bd094b2c6bd1211821fa?s=96&d=mm&r=g","url":"https:\/\/secure.gravatar.com\/avatar\/fa74362430e1b1b376c0b027c2757acdf7cc58d6cc45bd094b2c6bd1211821fa?s=96&d=mm&r=g","contentUrl":"https:\/\/secure.gravatar.com\/avatar\/fa74362430e1b1b376c0b027c2757acdf7cc58d6cc45bd094b2c6bd1211821fa?s=96&d=mm&r=g","caption":"Facultad Veterinaria"},"sameAs":["https:\/\/fv.ulpgc.es"],"url":"https:\/\/www.vet.ulpgc.es\/en\/author\/facultad-veterinaria\/"}]}},"_links":{"self":[{"href":"https:\/\/www.vet.ulpgc.es\/en\/wp-json\/wp\/v2\/pages\/125","targetHints":{"allow":["GET"]}}],"collection":[{"href":"https:\/\/www.vet.ulpgc.es\/en\/wp-json\/wp\/v2\/pages"}],"about":[{"href":"https:\/\/www.vet.ulpgc.es\/en\/wp-json\/wp\/v2\/types\/page"}],"author":[{"embeddable":true,"href":"https:\/\/www.vet.ulpgc.es\/en\/wp-json\/wp\/v2\/users\/1"}],"replies":[{"embeddable":true,"href":"https:\/\/www.vet.ulpgc.es\/en\/wp-json\/wp\/v2\/comments?post=125"}],"version-history":[{"count":0,"href":"https:\/\/www.vet.ulpgc.es\/en\/wp-json\/wp\/v2\/pages\/125\/revisions"}],"wp:attachment":[{"href":"https:\/\/www.vet.ulpgc.es\/en\/wp-json\/wp\/v2\/media?parent=125"}],"curies":[{"name":"wp","href":"https:\/\/api.w.org\/{rel}","templated":true}]}}